{"id":57595,"date":"2023-11-16T12:34:59","date_gmt":"2023-11-16T12:34:59","guid":{"rendered":"https:\/\/ilmoliulampar.is\/?post_type=product&#038;p=57595"},"modified":"2024-12-03T14:19:36","modified_gmt":"2024-12-03T14:19:36","slug":"hestar-2-typur","status":"publish","type":"product","link":"https:\/\/ilmoliulampar.is\/en_gb\/product\/hestar-2-typur\/","title":{"rendered":"Hestar &#8211; 2 t\u00fdpur"},"content":{"rendered":"","protected":false},"excerpt":{"rendered":"<p>\u00d3tr\u00falega flottir og vanda\u00f0ir hestar !<\/p>\n<p>St\u00e6r\u00f0 :<br \/>\nBrokki<br \/>\nH\u00e6\u00f0 44,5 cm<br \/>\nBreidd 12,5 cm<br \/>\nLengd 48,5 cm<\/p>\n<p>Prj\u00f3na<br \/>\nH\u00e6\u00f0 46 cm<br \/>\nBreidd 14 cm<br \/>\nLengd 32 cm<\/p>","protected":false},"featured_media":57600,"comment_status":"open","ping_status":"closed","template":"","meta":[],"product_brand":[],"product_cat":[132,230,251],"product_tag":[],"class_list":{"0":"post-57595","1":"product","2":"type-product","3":"status-publish","4":"has-post-thumbnail","6":"product_cat-heimilid-2","7":"product_cat-laekkadverd","8":"product_cat-stytturogskulpturar","10":"first","11":"instock","12":"sale","13":"shipping-taxable","14":"purchasable","15":"product-type-variable"},"_links":{"self":[{"href":"https:\/\/ilmoliulampar.is\/en_gb\/wp-json\/wp\/v2\/product\/57595","targetHints":{"allow":["GET"]}}],"collection":[{"href":"https:\/\/ilmoliulampar.is\/en_gb\/wp-json\/wp\/v2\/product"}],"about":[{"href":"https:\/\/ilmoliulampar.is\/en_gb\/wp-json\/wp\/v2\/types\/product"}],"replies":[{"embeddable":true,"href":"https:\/\/ilmoliulampar.is\/en_gb\/wp-json\/wp\/v2\/comments?post=57595"}],"wp:featuredmedia":[{"embeddable":true,"href":"https:\/\/ilmoliulampar.is\/en_gb\/wp-json\/wp\/v2\/media\/57600"}],"wp:attachment":[{"href":"https:\/\/ilmoliulampar.is\/en_gb\/wp-json\/wp\/v2\/media?parent=57595"}],"wp:term":[{"taxonomy":"product_brand","embeddable":true,"href":"https:\/\/ilmoliulampar.is\/en_gb\/wp-json\/wp\/v2\/product_brand?post=57595"},{"taxonomy":"product_cat","embeddable":true,"href":"https:\/\/ilmoliulampar.is\/en_gb\/wp-json\/wp\/v2\/product_cat?post=57595"},{"taxonomy":"product_tag","embeddable":true,"href":"https:\/\/ilmoliulampar.is\/en_gb\/wp-json\/wp\/v2\/product_tag?post=57595"}],"curies":[{"name":"wp","href":"https:\/\/api.w.org\/{rel}","templated":true}]}}