{"id":57603,"date":"2023-11-16T13:16:37","date_gmt":"2023-11-16T13:16:37","guid":{"rendered":"https:\/\/ilmoliulampar.is\/?post_type=product&#038;p=57603"},"modified":"2025-05-14T13:54:45","modified_gmt":"2025-05-14T13:54:45","slug":"xl-bakkar-med-spegli-4-staerdir-2-litir","status":"publish","type":"product","link":"https:\/\/ilmoliulampar.is\/en_gb\/product\/xl-bakkar-med-spegli-4-staerdir-2-litir\/","title":{"rendered":"XL Bakkar me\u00f0 spegli &#8211; 4 st\u00e6r\u00f0ir &#8211; 2 litir"},"content":{"rendered":"","protected":false},"excerpt":{"rendered":"<p>\u00c6\u00f0islegir bakkar me\u00f0 spegli og handfangi!<br \/>\nSvartir e\u00f0a gylltir.<\/p>\n<p>4 st\u00e6r\u00f0ir<\/p>\n<p>Minnsti 77 x 23 x 11 cm<br \/>\nN\u00e6st minnsti 93 x 26 x 11 cm<br \/>\nMi\u00f0st\u00e6r\u00f0 120 x 31 x 11 cm<br \/>\nSt\u00e6\u00f0sti 153 x 33 x 11 cm<\/p>","protected":false},"featured_media":57606,"comment_status":"open","ping_status":"closed","template":"","meta":[],"product_brand":[],"product_cat":[248,132,136],"product_tag":[],"class_list":{"0":"post-57603","1":"product","2":"type-product","3":"status-publish","4":"has-post-thumbnail","6":"product_cat-bakkarogglasamottur","7":"product_cat-heimilid-2","8":"product_cat-jol","10":"first","11":"instock","12":"shipping-taxable","13":"purchasable","14":"product-type-variable"},"_links":{"self":[{"href":"https:\/\/ilmoliulampar.is\/en_gb\/wp-json\/wp\/v2\/product\/57603","targetHints":{"allow":["GET"]}}],"collection":[{"href":"https:\/\/ilmoliulampar.is\/en_gb\/wp-json\/wp\/v2\/product"}],"about":[{"href":"https:\/\/ilmoliulampar.is\/en_gb\/wp-json\/wp\/v2\/types\/product"}],"replies":[{"embeddable":true,"href":"https:\/\/ilmoliulampar.is\/en_gb\/wp-json\/wp\/v2\/comments?post=57603"}],"wp:featuredmedia":[{"embeddable":true,"href":"https:\/\/ilmoliulampar.is\/en_gb\/wp-json\/wp\/v2\/media\/57606"}],"wp:attachment":[{"href":"https:\/\/ilmoliulampar.is\/en_gb\/wp-json\/wp\/v2\/media?parent=57603"}],"wp:term":[{"taxonomy":"product_brand","embeddable":true,"href":"https:\/\/ilmoliulampar.is\/en_gb\/wp-json\/wp\/v2\/product_brand?post=57603"},{"taxonomy":"product_cat","embeddable":true,"href":"https:\/\/ilmoliulampar.is\/en_gb\/wp-json\/wp\/v2\/product_cat?post=57603"},{"taxonomy":"product_tag","embeddable":true,"href":"https:\/\/ilmoliulampar.is\/en_gb\/wp-json\/wp\/v2\/product_tag?post=57603"}],"curies":[{"name":"wp","href":"https:\/\/api.w.org\/{rel}","templated":true}]}}