{"id":57804,"date":"2023-11-28T13:37:09","date_gmt":"2023-11-28T13:37:09","guid":{"rendered":"https:\/\/ilmoliulampar.is\/?post_type=product&#038;p=57804"},"modified":"2025-11-28T09:34:44","modified_gmt":"2025-11-28T09:34:44","slug":"svart-marmarabord-2-staerdir","status":"publish","type":"product","link":"https:\/\/ilmoliulampar.is\/en_gb\/product\/svart-marmarabord-2-staerdir\/","title":{"rendered":"Svart marmarabor\u00f0 -2 st\u00e6r\u00f0ir    40% afsl\u00e1ttur"},"content":{"rendered":"","protected":false},"excerpt":{"rendered":"<p>Vorum a\u00f0 f\u00e1 \u00feessi geggju\u00f0u marmarabor\u00f0 \u00ed tveimur h\u00e6\u00f0um.<\/p>\n<div>\u00deung og vegleg bor\u00f0 sem \u00fe\u00fa s\u00e9r\u00f0 ekki annarssta\u00f0ar.<\/div>\n<div>\u00a0 \u00a0 St\u00e6r\u00f0<\/div>\n<div>Breidd: 36cm<\/div>\n<div>d\u00fdpt: 30cm<\/div>\n<div>H\u00e6\u00f0: 51,5cm e\u00f0a 55cm<\/div>\n<div><\/div>\n<div><\/div>","protected":false},"featured_media":57808,"comment_status":"open","ping_status":"closed","template":"","meta":[],"product_brand":[],"product_cat":[247,132,230],"product_tag":[],"class_list":{"0":"post-57804","1":"product","2":"type-product","3":"status-publish","4":"has-post-thumbnail","6":"product_cat-bord","7":"product_cat-heimilid-2","8":"product_cat-laekkadverd","10":"first","11":"instock","12":"sale","13":"shipping-taxable","14":"purchasable","15":"product-type-simple"},"_links":{"self":[{"href":"https:\/\/ilmoliulampar.is\/en_gb\/wp-json\/wp\/v2\/product\/57804","targetHints":{"allow":["GET"]}}],"collection":[{"href":"https:\/\/ilmoliulampar.is\/en_gb\/wp-json\/wp\/v2\/product"}],"about":[{"href":"https:\/\/ilmoliulampar.is\/en_gb\/wp-json\/wp\/v2\/types\/product"}],"replies":[{"embeddable":true,"href":"https:\/\/ilmoliulampar.is\/en_gb\/wp-json\/wp\/v2\/comments?post=57804"}],"wp:featuredmedia":[{"embeddable":true,"href":"https:\/\/ilmoliulampar.is\/en_gb\/wp-json\/wp\/v2\/media\/57808"}],"wp:attachment":[{"href":"https:\/\/ilmoliulampar.is\/en_gb\/wp-json\/wp\/v2\/media?parent=57804"}],"wp:term":[{"taxonomy":"product_brand","embeddable":true,"href":"https:\/\/ilmoliulampar.is\/en_gb\/wp-json\/wp\/v2\/product_brand?post=57804"},{"taxonomy":"product_cat","embeddable":true,"href":"https:\/\/ilmoliulampar.is\/en_gb\/wp-json\/wp\/v2\/product_cat?post=57804"},{"taxonomy":"product_tag","embeddable":true,"href":"https:\/\/ilmoliulampar.is\/en_gb\/wp-json\/wp\/v2\/product_tag?post=57804"}],"curies":[{"name":"wp","href":"https:\/\/api.w.org\/{rel}","templated":true}]}}