{"id":57831,"date":"2023-12-01T15:04:15","date_gmt":"2023-12-01T15:04:15","guid":{"rendered":"https:\/\/ilmoliulampar.is\/?post_type=product&#038;p=57831"},"modified":"2026-01-30T14:41:50","modified_gmt":"2026-01-30T14:41:50","slug":"inni-utiseria-smart","status":"publish","type":"product","link":"https:\/\/ilmoliulampar.is\/en_gb\/product\/inni-utiseria-smart\/","title":{"rendered":"Inni &#038; \u00fatiser\u00eda &#8222;Smart&#8220;"},"content":{"rendered":"","protected":false},"excerpt":{"rendered":"<div>Inni og \u00fatiser\u00eda &#8211; vatnsheld<\/div>\n<div>15 metra &#8211; 20 lj\u00f3sa jar\u00f0arberja ser\u00eda.<\/div>\n<div>Fjarst\u00fdring og\/e\u00f0a app<\/div>\n<div>Fj\u00f6lmargar stillingar &#8211; h\u00e6gt a\u00f0 hafa l\u00edka bara hv\u00edt lj\u00f3s.<\/div>\n<div>Getur l\u00e1ti\u00f0 hana dansa \u00ed takt vi\u00f0 t\u00f3nlist<\/div>\n<div><\/div>\n<div><\/div>","protected":false},"featured_media":57833,"comment_status":"open","ping_status":"closed","template":"","meta":[],"product_brand":[],"product_cat":[112,132,136,225],"product_tag":[],"class_list":{"0":"post-57831","1":"product","2":"type-product","3":"status-publish","4":"has-post-thumbnail","6":"product_cat-adrar-vorur","7":"product_cat-heimilid-2","8":"product_cat-jol","9":"product_cat-led-perur-adrar-vorur","11":"first","12":"instock","13":"shipping-taxable","14":"purchasable","15":"product-type-simple"},"_links":{"self":[{"href":"https:\/\/ilmoliulampar.is\/en_gb\/wp-json\/wp\/v2\/product\/57831","targetHints":{"allow":["GET"]}}],"collection":[{"href":"https:\/\/ilmoliulampar.is\/en_gb\/wp-json\/wp\/v2\/product"}],"about":[{"href":"https:\/\/ilmoliulampar.is\/en_gb\/wp-json\/wp\/v2\/types\/product"}],"replies":[{"embeddable":true,"href":"https:\/\/ilmoliulampar.is\/en_gb\/wp-json\/wp\/v2\/comments?post=57831"}],"wp:featuredmedia":[{"embeddable":true,"href":"https:\/\/ilmoliulampar.is\/en_gb\/wp-json\/wp\/v2\/media\/57833"}],"wp:attachment":[{"href":"https:\/\/ilmoliulampar.is\/en_gb\/wp-json\/wp\/v2\/media?parent=57831"}],"wp:term":[{"taxonomy":"product_brand","embeddable":true,"href":"https:\/\/ilmoliulampar.is\/en_gb\/wp-json\/wp\/v2\/product_brand?post=57831"},{"taxonomy":"product_cat","embeddable":true,"href":"https:\/\/ilmoliulampar.is\/en_gb\/wp-json\/wp\/v2\/product_cat?post=57831"},{"taxonomy":"product_tag","embeddable":true,"href":"https:\/\/ilmoliulampar.is\/en_gb\/wp-json\/wp\/v2\/product_tag?post=57831"}],"curies":[{"name":"wp","href":"https:\/\/api.w.org\/{rel}","templated":true}]}}