{"id":58039,"date":"2023-12-11T11:57:53","date_gmt":"2023-12-11T11:57:53","guid":{"rendered":"https:\/\/ilmoliulampar.is\/?post_type=product&#038;p=58039"},"modified":"2026-01-30T14:27:26","modified_gmt":"2026-01-30T14:27:26","slug":"flamingo-veggljos-2-staerdir","status":"publish","type":"product","link":"https:\/\/ilmoliulampar.is\/en_gb\/product\/flamingo-veggljos-2-staerdir\/","title":{"rendered":"Flamingo &#8211; Vegglampi &#8211; 2 st\u00e6r\u00f0ir"},"content":{"rendered":"","protected":false},"excerpt":{"rendered":"<p>\u00c6\u00f0islegt Flamingu vegglj\u00f3s me\u00f0 &#8220; dem\u00f6ntum&#8220; \u00e1<\/p>\n<p>L\u00edtill St\u00e6r\u00f0 50 x 20,5 x 19 cm<br \/>\nSt\u00f3r St\u00e6r\u00f0 71,5 x 24,5 x 26,5 cm<\/p>\n<p>e 27 pera ( ATH pera fylgir ekki me\u00f0 )<\/p>","protected":false},"featured_media":58062,"comment_status":"open","ping_status":"closed","template":"","meta":[],"product_brand":[],"product_cat":[132,230,185],"product_tag":[],"class_list":{"0":"post-58039","1":"product","2":"type-product","3":"status-publish","4":"has-post-thumbnail","6":"product_cat-heimilid-2","7":"product_cat-laekkadverd","8":"product_cat-vegglampar","10":"first","11":"instock","12":"sale","13":"shipping-taxable","14":"purchasable","15":"product-type-variable"},"_links":{"self":[{"href":"https:\/\/ilmoliulampar.is\/en_gb\/wp-json\/wp\/v2\/product\/58039","targetHints":{"allow":["GET"]}}],"collection":[{"href":"https:\/\/ilmoliulampar.is\/en_gb\/wp-json\/wp\/v2\/product"}],"about":[{"href":"https:\/\/ilmoliulampar.is\/en_gb\/wp-json\/wp\/v2\/types\/product"}],"replies":[{"embeddable":true,"href":"https:\/\/ilmoliulampar.is\/en_gb\/wp-json\/wp\/v2\/comments?post=58039"}],"wp:featuredmedia":[{"embeddable":true,"href":"https:\/\/ilmoliulampar.is\/en_gb\/wp-json\/wp\/v2\/media\/58062"}],"wp:attachment":[{"href":"https:\/\/ilmoliulampar.is\/en_gb\/wp-json\/wp\/v2\/media?parent=58039"}],"wp:term":[{"taxonomy":"product_brand","embeddable":true,"href":"https:\/\/ilmoliulampar.is\/en_gb\/wp-json\/wp\/v2\/product_brand?post=58039"},{"taxonomy":"product_cat","embeddable":true,"href":"https:\/\/ilmoliulampar.is\/en_gb\/wp-json\/wp\/v2\/product_cat?post=58039"},{"taxonomy":"product_tag","embeddable":true,"href":"https:\/\/ilmoliulampar.is\/en_gb\/wp-json\/wp\/v2\/product_tag?post=58039"}],"curies":[{"name":"wp","href":"https:\/\/api.w.org\/{rel}","templated":true}]}}