{"id":58064,"date":"2023-12-11T12:24:47","date_gmt":"2023-12-11T12:24:47","guid":{"rendered":"https:\/\/ilmoliulampar.is\/?post_type=product&#038;p=58064"},"modified":"2026-01-30T14:26:48","modified_gmt":"2026-01-30T14:26:48","slug":"veggljos-fill","status":"publish","type":"product","link":"https:\/\/ilmoliulampar.is\/en_gb\/product\/veggljos-fill\/","title":{"rendered":"F\u00edll &#8211; Vegglampi"},"content":{"rendered":"","protected":false},"excerpt":{"rendered":"<p>\u00d3tr\u00falega flott &amp; vanda\u00f0 vegglj\u00f3s, \u00fear sem \u00f6ll sm\u00e1 atri\u00f0i eru upp\u00e1 10 !<\/p>\n<p>St\u00e6r\u00f0 42,5 x 29 x 36,5 cm<\/p>\n<p>E27 pera ( ath pera fylgir ekki me\u00f0 )<\/p>\n<p>&nbsp;<\/p>","protected":false},"featured_media":58066,"comment_status":"open","ping_status":"closed","template":"","meta":[],"product_brand":[],"product_cat":[132,185],"product_tag":[],"class_list":{"0":"post-58064","1":"product","2":"type-product","3":"status-publish","4":"has-post-thumbnail","6":"product_cat-heimilid-2","7":"product_cat-vegglampar","9":"first","10":"instock","11":"shipping-taxable","12":"purchasable","13":"product-type-simple"},"_links":{"self":[{"href":"https:\/\/ilmoliulampar.is\/en_gb\/wp-json\/wp\/v2\/product\/58064","targetHints":{"allow":["GET"]}}],"collection":[{"href":"https:\/\/ilmoliulampar.is\/en_gb\/wp-json\/wp\/v2\/product"}],"about":[{"href":"https:\/\/ilmoliulampar.is\/en_gb\/wp-json\/wp\/v2\/types\/product"}],"replies":[{"embeddable":true,"href":"https:\/\/ilmoliulampar.is\/en_gb\/wp-json\/wp\/v2\/comments?post=58064"}],"wp:featuredmedia":[{"embeddable":true,"href":"https:\/\/ilmoliulampar.is\/en_gb\/wp-json\/wp\/v2\/media\/58066"}],"wp:attachment":[{"href":"https:\/\/ilmoliulampar.is\/en_gb\/wp-json\/wp\/v2\/media?parent=58064"}],"wp:term":[{"taxonomy":"product_brand","embeddable":true,"href":"https:\/\/ilmoliulampar.is\/en_gb\/wp-json\/wp\/v2\/product_brand?post=58064"},{"taxonomy":"product_cat","embeddable":true,"href":"https:\/\/ilmoliulampar.is\/en_gb\/wp-json\/wp\/v2\/product_cat?post=58064"},{"taxonomy":"product_tag","embeddable":true,"href":"https:\/\/ilmoliulampar.is\/en_gb\/wp-json\/wp\/v2\/product_tag?post=58064"}],"curies":[{"name":"wp","href":"https:\/\/api.w.org\/{rel}","templated":true}]}}