{"id":58086,"date":"2025-12-12T11:38:44","date_gmt":"2025-12-12T11:38:44","guid":{"rendered":"https:\/\/ilmoliulampar.is\/?post_type=product&#038;p=58086"},"modified":"2026-01-30T12:14:13","modified_gmt":"2026-01-30T12:14:13","slug":"stor-antik-utskorinn-rammi-3-litir","status":"publish","type":"product","link":"https:\/\/ilmoliulampar.is\/en_gb\/product\/stor-antik-utskorinn-rammi-3-litir\/","title":{"rendered":"St\u00f3r antik \u00fatskorinn rammi &#8211; 3 litir"},"content":{"rendered":"","protected":false},"excerpt":{"rendered":"<p>Veglegur \u00fatskorinn gylltur rammi.<br \/>\nKemur \u00ed 3 litum. Svartur,Gylltur &amp; sk\u00e6r bleikur.<\/p>\n<p>\u00de\u00fa getur b\u00e6\u00f0i ramma\u00f0 inn myndir e\u00f0a sett n\u00e1nast hva\u00f0 sem er inn\u00ed hann.<\/p>\n<p>H\u00e6\u00f0 150 Cm<\/p>\n<p>Breidd 80 Cm<\/p>","protected":false},"featured_media":58087,"comment_status":"open","ping_status":"closed","template":"","meta":[],"product_brand":[],"product_cat":[132,230,252],"product_tag":[],"class_list":{"0":"post-58086","1":"product","2":"type-product","3":"status-publish","4":"has-post-thumbnail","6":"product_cat-heimilid-2","7":"product_cat-laekkadverd","8":"product_cat-myndirogrammar","10":"first","11":"instock","12":"sale","13":"shipping-taxable","14":"purchasable","15":"product-type-variable"},"_links":{"self":[{"href":"https:\/\/ilmoliulampar.is\/en_gb\/wp-json\/wp\/v2\/product\/58086","targetHints":{"allow":["GET"]}}],"collection":[{"href":"https:\/\/ilmoliulampar.is\/en_gb\/wp-json\/wp\/v2\/product"}],"about":[{"href":"https:\/\/ilmoliulampar.is\/en_gb\/wp-json\/wp\/v2\/types\/product"}],"replies":[{"embeddable":true,"href":"https:\/\/ilmoliulampar.is\/en_gb\/wp-json\/wp\/v2\/comments?post=58086"}],"wp:featuredmedia":[{"embeddable":true,"href":"https:\/\/ilmoliulampar.is\/en_gb\/wp-json\/wp\/v2\/media\/58087"}],"wp:attachment":[{"href":"https:\/\/ilmoliulampar.is\/en_gb\/wp-json\/wp\/v2\/media?parent=58086"}],"wp:term":[{"taxonomy":"product_brand","embeddable":true,"href":"https:\/\/ilmoliulampar.is\/en_gb\/wp-json\/wp\/v2\/product_brand?post=58086"},{"taxonomy":"product_cat","embeddable":true,"href":"https:\/\/ilmoliulampar.is\/en_gb\/wp-json\/wp\/v2\/product_cat?post=58086"},{"taxonomy":"product_tag","embeddable":true,"href":"https:\/\/ilmoliulampar.is\/en_gb\/wp-json\/wp\/v2\/product_tag?post=58086"}],"curies":[{"name":"wp","href":"https:\/\/api.w.org\/{rel}","templated":true}]}}