{"id":58098,"date":"2023-12-12T11:45:00","date_gmt":"2023-12-12T11:45:00","guid":{"rendered":"https:\/\/ilmoliulampar.is\/?post_type=product&#038;p=58098"},"modified":"2024-12-03T14:30:47","modified_gmt":"2024-12-03T14:30:47","slug":"utskorinn-antik-rammi-3-litir","status":"publish","type":"product","link":"https:\/\/ilmoliulampar.is\/en_gb\/product\/utskorinn-antik-rammi-3-litir\/","title":{"rendered":"\u00datskorinn antik rammi &#8211; 3 litir"},"content":{"rendered":"","protected":false},"excerpt":{"rendered":"<p>\u00d3t\u00falega flottir og vanda\u00f0ir \u00fatskornir rammar.<br \/>\nKoma \u00ed 3 litum.<br \/>\nSvartur, gull &amp; sk\u00e6r bleikur.<\/p>\n<p>Getur haft n\u00e1nast hva\u00f0 sem er inn\u00ed \u00feeim e\u00f0a ramma\u00f0 inn td spegil \/ mynd<\/p>\n<p>St\u00e6r\u00f0 40&#215;70 cm<\/p>","protected":false},"featured_media":58101,"comment_status":"open","ping_status":"closed","template":"","meta":[],"product_brand":[],"product_cat":[132,252],"product_tag":[],"class_list":{"0":"post-58098","1":"product","2":"type-product","3":"status-publish","4":"has-post-thumbnail","6":"product_cat-heimilid-2","7":"product_cat-myndirogrammar","9":"first","10":"instock","11":"shipping-taxable","12":"purchasable","13":"product-type-variable"},"_links":{"self":[{"href":"https:\/\/ilmoliulampar.is\/en_gb\/wp-json\/wp\/v2\/product\/58098","targetHints":{"allow":["GET"]}}],"collection":[{"href":"https:\/\/ilmoliulampar.is\/en_gb\/wp-json\/wp\/v2\/product"}],"about":[{"href":"https:\/\/ilmoliulampar.is\/en_gb\/wp-json\/wp\/v2\/types\/product"}],"replies":[{"embeddable":true,"href":"https:\/\/ilmoliulampar.is\/en_gb\/wp-json\/wp\/v2\/comments?post=58098"}],"wp:featuredmedia":[{"embeddable":true,"href":"https:\/\/ilmoliulampar.is\/en_gb\/wp-json\/wp\/v2\/media\/58101"}],"wp:attachment":[{"href":"https:\/\/ilmoliulampar.is\/en_gb\/wp-json\/wp\/v2\/media?parent=58098"}],"wp:term":[{"taxonomy":"product_brand","embeddable":true,"href":"https:\/\/ilmoliulampar.is\/en_gb\/wp-json\/wp\/v2\/product_brand?post=58098"},{"taxonomy":"product_cat","embeddable":true,"href":"https:\/\/ilmoliulampar.is\/en_gb\/wp-json\/wp\/v2\/product_cat?post=58098"},{"taxonomy":"product_tag","embeddable":true,"href":"https:\/\/ilmoliulampar.is\/en_gb\/wp-json\/wp\/v2\/product_tag?post=58098"}],"curies":[{"name":"wp","href":"https:\/\/api.w.org\/{rel}","templated":true}]}}