{"id":58160,"date":"2023-12-12T15:55:46","date_gmt":"2023-12-12T15:55:46","guid":{"rendered":"https:\/\/ilmoliulampar.is\/?post_type=product&#038;p=58160"},"modified":"2023-12-12T17:11:20","modified_gmt":"2023-12-12T17:11:20","slug":"stort-glimmer-hreindyr-gull","status":"publish","type":"product","link":"https:\/\/ilmoliulampar.is\/en_gb\/product\/stort-glimmer-hreindyr-gull\/","title":{"rendered":"St\u00f3rt glimmer Hreind\u00fdr &#8211; Gull"},"content":{"rendered":"","protected":false},"excerpt":{"rendered":"<p>\u00d3tr\u00falega fallegt gull glimmer hreind\u00fdr me\u00f0 krans um h\u00e1lsin.<\/p>\n<p>St\u00e6r\u00f0 48,5 x 41,5 x 19 cm<\/p>","protected":false},"featured_media":58164,"comment_status":"open","ping_status":"closed","template":"","meta":[],"product_brand":[],"product_cat":[132,136],"product_tag":[],"class_list":{"0":"post-58160","1":"product","2":"type-product","3":"status-publish","4":"has-post-thumbnail","6":"product_cat-heimilid-2","7":"product_cat-jol","9":"first","10":"instock","11":"shipping-taxable","12":"purchasable","13":"product-type-simple"},"_links":{"self":[{"href":"https:\/\/ilmoliulampar.is\/en_gb\/wp-json\/wp\/v2\/product\/58160","targetHints":{"allow":["GET"]}}],"collection":[{"href":"https:\/\/ilmoliulampar.is\/en_gb\/wp-json\/wp\/v2\/product"}],"about":[{"href":"https:\/\/ilmoliulampar.is\/en_gb\/wp-json\/wp\/v2\/types\/product"}],"replies":[{"embeddable":true,"href":"https:\/\/ilmoliulampar.is\/en_gb\/wp-json\/wp\/v2\/comments?post=58160"}],"wp:featuredmedia":[{"embeddable":true,"href":"https:\/\/ilmoliulampar.is\/en_gb\/wp-json\/wp\/v2\/media\/58164"}],"wp:attachment":[{"href":"https:\/\/ilmoliulampar.is\/en_gb\/wp-json\/wp\/v2\/media?parent=58160"}],"wp:term":[{"taxonomy":"product_brand","embeddable":true,"href":"https:\/\/ilmoliulampar.is\/en_gb\/wp-json\/wp\/v2\/product_brand?post=58160"},{"taxonomy":"product_cat","embeddable":true,"href":"https:\/\/ilmoliulampar.is\/en_gb\/wp-json\/wp\/v2\/product_cat?post=58160"},{"taxonomy":"product_tag","embeddable":true,"href":"https:\/\/ilmoliulampar.is\/en_gb\/wp-json\/wp\/v2\/product_tag?post=58160"}],"curies":[{"name":"wp","href":"https:\/\/api.w.org\/{rel}","templated":true}]}}