{"id":58232,"date":"2023-12-18T21:46:43","date_gmt":"2023-12-18T21:46:43","guid":{"rendered":"https:\/\/ilmoliulampar.is\/?post_type=product&#038;p=58232"},"modified":"2025-11-26T10:07:41","modified_gmt":"2025-11-26T10:07:41","slug":"jolatres-pottar-med-ljosi","status":"publish","type":"product","link":"https:\/\/ilmoliulampar.is\/en_gb\/product\/jolatres-pottar-med-ljosi\/","title":{"rendered":"J\u00f3latr\u00e9s-pottar me\u00f0 lj\u00f3si"},"content":{"rendered":"<p>S\u00e9rst\u00f6k og jafnframt j\u00f3la\u00fatg\u00e1fa af upprunalegu BLOOM bl\u00f3mapottunum, j\u00f3latr\u00e9spotturinn er \u00fatb\u00fainn me\u00f0 innbygg\u00f0um j\u00f3latrj\u00e1festi svo h\u00e6gt s\u00e9 a\u00f0 setja tr\u00e9\u00f0 beint \u00ed hann \u2013 einfaldara getur \u00fea\u00f0 ekki veri\u00f0! \u00a0\u00dea\u00f0 m\u00e1 nota pottana b\u00e6\u00f0i \u00fati og inni. Ef \u00feig langar til a\u00f0 gera eitthva\u00f0 \u00f6\u00f0ruv\u00edsi, \u00fe\u00e1 s\u00e9r\u00f0 \u00fe\u00fa \u00feessa ekki hvar sem er &#8230;&#8230;&#8230;&#8230;<\/p>\n<p>Mj\u00f6g sterkir og vanda\u00f0ir &#8211; St\u00e6r\u00f0in er: h\u00e6\u00f0 50 cm og umm\u00e1l 44 cm<\/p>\n<p>Taktu fram \u00ed athugasemd hvort \u00fe\u00fa veljir \u00fe\u00e9r rau\u00f0an e\u00f0a hv\u00edtan pott.<\/p>","protected":false},"excerpt":{"rendered":"<p>S\u00e9rst\u00f6k og jafnframt j\u00f3la\u00fatg\u00e1fa af upprunalegu BLOOM bl\u00f3mapottunum, j\u00f3latr\u00e9spotturinn er \u00fatb\u00fainn me\u00f0 innbygg\u00f0um j\u00f3latrj\u00e1festi svo h\u00e6gt s\u00e9 a\u00f0 setja tr\u00e9\u00f0 beint \u00ed hann \u2013 einfaldara getur \u00fea\u00f0 ekki veri\u00f0! \u00a0\u00dea\u00f0 m\u00e1 nota pottana b\u00e6\u00f0i \u00fati og inni. \u00a0 \u00a0 \u00a0 \u00a0 \u00a0 \u00a0 \u00a0 \u00a0 \u00a0 \u00a0 \u00a0 \u00a0 Mj\u00f6g sterkir og vanda\u00f0ir &#8211; St\u00e6r\u00f0in er: h\u00e6\u00f0 50 cm og umm\u00e1l 44 cm<\/p>\n<p>Taktu fram \u00ed athugasemd hvort \u00fe\u00fa veljir \u00fe\u00e9r rau\u00f0an e\u00f0a hv\u00edtan pott.<\/p>","protected":false},"featured_media":58238,"comment_status":"open","ping_status":"closed","template":"","meta":[],"product_brand":[],"product_cat":[132,136],"product_tag":[],"class_list":{"0":"post-58232","1":"product","2":"type-product","3":"status-publish","4":"has-post-thumbnail","6":"product_cat-heimilid-2","7":"product_cat-jol","8":"product_shipping_class-stor-vara","10":"first","11":"instock","12":"sale","13":"shipping-taxable","14":"purchasable","15":"product-type-simple"},"_links":{"self":[{"href":"https:\/\/ilmoliulampar.is\/en_gb\/wp-json\/wp\/v2\/product\/58232","targetHints":{"allow":["GET"]}}],"collection":[{"href":"https:\/\/ilmoliulampar.is\/en_gb\/wp-json\/wp\/v2\/product"}],"about":[{"href":"https:\/\/ilmoliulampar.is\/en_gb\/wp-json\/wp\/v2\/types\/product"}],"replies":[{"embeddable":true,"href":"https:\/\/ilmoliulampar.is\/en_gb\/wp-json\/wp\/v2\/comments?post=58232"}],"wp:featuredmedia":[{"embeddable":true,"href":"https:\/\/ilmoliulampar.is\/en_gb\/wp-json\/wp\/v2\/media\/58238"}],"wp:attachment":[{"href":"https:\/\/ilmoliulampar.is\/en_gb\/wp-json\/wp\/v2\/media?parent=58232"}],"wp:term":[{"taxonomy":"product_brand","embeddable":true,"href":"https:\/\/ilmoliulampar.is\/en_gb\/wp-json\/wp\/v2\/product_brand?post=58232"},{"taxonomy":"product_cat","embeddable":true,"href":"https:\/\/ilmoliulampar.is\/en_gb\/wp-json\/wp\/v2\/product_cat?post=58232"},{"taxonomy":"product_tag","embeddable":true,"href":"https:\/\/ilmoliulampar.is\/en_gb\/wp-json\/wp\/v2\/product_tag?post=58232"}],"curies":[{"name":"wp","href":"https:\/\/api.w.org\/{rel}","templated":true}]}}