{"id":58279,"date":"2023-12-27T14:45:39","date_gmt":"2023-12-27T14:45:39","guid":{"rendered":"https:\/\/ilmoliulampar.is\/?post_type=product&#038;p=58279"},"modified":"2024-01-03T11:09:56","modified_gmt":"2024-01-03T11:09:56","slug":"led-blodrur-xl-4-i-pakka","status":"publish","type":"product","link":"https:\/\/ilmoliulampar.is\/en_gb\/product\/led-blodrur-xl-4-i-pakka\/","title":{"rendered":"LED bl\u00f6\u00f0rur XL &#8211; 4 \u00ed pakka 30% afsl\u00e1ttur"},"content":{"rendered":"","protected":false},"excerpt":{"rendered":"<p>18 Tommu LED bl\u00f6\u00f0rur.<\/p>\n<p>koma 4 saman \u00ed pakka.<br \/>\n4 Led lj\u00f3s me\u00f0 handfangi<br \/>\n1 pumpa fylgir hverjum pakka.<\/p>\n<p>Bl\u00f6\u00f0rurnar eru \u00far \u00feykku plasti svo \u00fea\u00f0 er ekki au\u00f0velt a\u00f0 sprengja \u00fe\u00e6r.<\/p>\n<p>3 stilling eru \u00e1 lj\u00f3sinu<br \/>\nSt\u00f6\u00f0ugt lj\u00f3s<br \/>\nBlikkandi lj\u00f3s<br \/>\nHratt blikkandi lj\u00f3s<\/p>\n<p>H\u00e9r eru lei\u00f0beningar hvernig bl\u00f6\u00f0rurnar eru settar saman.<br \/>\nhttps:\/\/www.youtube.com\/watch?v=W3ygMpvLZ0A<\/p>\n<p>AA battery fare \u00ed lj\u00f3sin ( batter\u00ed fylgja ekki me\u00f0 )<\/p>","protected":false},"featured_media":58280,"comment_status":"open","ping_status":"closed","template":"","meta":[],"product_brand":[],"product_cat":[230,225],"product_tag":[],"class_list":{"0":"post-58279","1":"product","2":"type-product","3":"status-publish","4":"has-post-thumbnail","6":"product_cat-laekkadverd","7":"product_cat-led-perur-adrar-vorur","9":"first","10":"instock","11":"sale","12":"shipping-taxable","13":"purchasable","14":"product-type-simple"},"_links":{"self":[{"href":"https:\/\/ilmoliulampar.is\/en_gb\/wp-json\/wp\/v2\/product\/58279","targetHints":{"allow":["GET"]}}],"collection":[{"href":"https:\/\/ilmoliulampar.is\/en_gb\/wp-json\/wp\/v2\/product"}],"about":[{"href":"https:\/\/ilmoliulampar.is\/en_gb\/wp-json\/wp\/v2\/types\/product"}],"replies":[{"embeddable":true,"href":"https:\/\/ilmoliulampar.is\/en_gb\/wp-json\/wp\/v2\/comments?post=58279"}],"wp:featuredmedia":[{"embeddable":true,"href":"https:\/\/ilmoliulampar.is\/en_gb\/wp-json\/wp\/v2\/media\/58280"}],"wp:attachment":[{"href":"https:\/\/ilmoliulampar.is\/en_gb\/wp-json\/wp\/v2\/media?parent=58279"}],"wp:term":[{"taxonomy":"product_brand","embeddable":true,"href":"https:\/\/ilmoliulampar.is\/en_gb\/wp-json\/wp\/v2\/product_brand?post=58279"},{"taxonomy":"product_cat","embeddable":true,"href":"https:\/\/ilmoliulampar.is\/en_gb\/wp-json\/wp\/v2\/product_cat?post=58279"},{"taxonomy":"product_tag","embeddable":true,"href":"https:\/\/ilmoliulampar.is\/en_gb\/wp-json\/wp\/v2\/product_tag?post=58279"}],"curies":[{"name":"wp","href":"https:\/\/api.w.org\/{rel}","templated":true}]}}