{"id":58309,"date":"2024-01-03T14:22:37","date_gmt":"2024-01-03T14:22:37","guid":{"rendered":"https:\/\/ilmoliulampar.is\/?post_type=product&#038;p=58309"},"modified":"2025-10-24T14:49:26","modified_gmt":"2025-10-24T14:49:26","slug":"led-bordi-5-10-metra","status":"publish","type":"product","link":"https:\/\/ilmoliulampar.is\/en_gb\/product\/led-bordi-5-10-metra\/","title":{"rendered":"LED bor\u00f0i &#8211; 5 &#038; 10 metra"},"content":{"rendered":"","protected":false},"excerpt":{"rendered":"<div class=\"sc-a7de16b1-0 fDQDcG\">\n<div>\n<div>\n<div class=\"sc-a7de16b1-1 iEicVj\">\n<div class=\"sc-a6fa471b-0 hmMYvZ\">Snjalli LED bor\u00f0inn b\u00fdr til r\u00e9tta stemningu \u00ed hva\u00f0a herbergi sem er. St\u00fdr\u00f0u bor\u00f0anum me\u00f0 snjallforriti e\u00f0a fjarst\u00fdringu \u00a0og settu dagskr\u00e1 og t\u00edmasetningar fyrir mismunandi l\u00fdsingar, st\u00fdr\u00f0u bor\u00f0anum me\u00f0 tal\u00fej\u00f3ni og breyttu b\u00e6\u00f0i birtustigi og lit. Bor\u00f0inn tengist beint vi\u00f0 WiFi \u00e1n \u00feess a\u00f0 \u00feurfa tengist\u00f6\u00f0 e\u00f0a br\u00fa.<\/div>\n<\/div>\n<\/div>\n<\/div>\n<\/div>\n<div class=\"sc-63ca383f-4 BGhSM\">\n<div class=\"sc-9d681f71-0 kQCyHR\">WiFi tenging<\/div>\n<div class=\"sc-9d681f71-0 kQCyHR\">RGB lital\u00fdsing<\/div>\n<div class=\"sc-9d681f71-0 kQCyHR\">5 &amp; 10 metra LED bor\u00f0i<\/div>\n<div class=\"sc-9d681f71-0 kQCyHR\">IP65 ryk- og vatnsv\u00f6rn<\/div>\n<\/div>","protected":false},"featured_media":58310,"comment_status":"open","ping_status":"closed","template":"","meta":[],"product_brand":[],"product_cat":[112,230,107,225],"product_tag":[],"class_list":{"0":"post-58309","1":"product","2":"type-product","3":"status-publish","4":"has-post-thumbnail","6":"product_cat-adrar-vorur","7":"product_cat-laekkadverd","8":"product_cat-lampar","9":"product_cat-led-perur-adrar-vorur","11":"first","12":"instock","13":"sale","14":"shipping-taxable","15":"purchasable","16":"product-type-variable"},"_links":{"self":[{"href":"https:\/\/ilmoliulampar.is\/en_gb\/wp-json\/wp\/v2\/product\/58309","targetHints":{"allow":["GET"]}}],"collection":[{"href":"https:\/\/ilmoliulampar.is\/en_gb\/wp-json\/wp\/v2\/product"}],"about":[{"href":"https:\/\/ilmoliulampar.is\/en_gb\/wp-json\/wp\/v2\/types\/product"}],"replies":[{"embeddable":true,"href":"https:\/\/ilmoliulampar.is\/en_gb\/wp-json\/wp\/v2\/comments?post=58309"}],"wp:featuredmedia":[{"embeddable":true,"href":"https:\/\/ilmoliulampar.is\/en_gb\/wp-json\/wp\/v2\/media\/58310"}],"wp:attachment":[{"href":"https:\/\/ilmoliulampar.is\/en_gb\/wp-json\/wp\/v2\/media?parent=58309"}],"wp:term":[{"taxonomy":"product_brand","embeddable":true,"href":"https:\/\/ilmoliulampar.is\/en_gb\/wp-json\/wp\/v2\/product_brand?post=58309"},{"taxonomy":"product_cat","embeddable":true,"href":"https:\/\/ilmoliulampar.is\/en_gb\/wp-json\/wp\/v2\/product_cat?post=58309"},{"taxonomy":"product_tag","embeddable":true,"href":"https:\/\/ilmoliulampar.is\/en_gb\/wp-json\/wp\/v2\/product_tag?post=58309"}],"curies":[{"name":"wp","href":"https:\/\/api.w.org\/{rel}","templated":true}]}}