{"id":58368,"date":"2024-01-10T13:01:14","date_gmt":"2024-01-10T13:01:14","guid":{"rendered":"https:\/\/ilmoliulampar.is\/?post_type=product&#038;p=58368"},"modified":"2025-12-09T00:32:32","modified_gmt":"2025-12-09T00:32:32","slug":"gler-kertastjaki-30-afslattur","status":"publish","type":"product","link":"https:\/\/ilmoliulampar.is\/en_gb\/product\/gler-kertastjaki-30-afslattur\/","title":{"rendered":"Gler kertastjaki 30% afsl\u00e1ttur"},"content":{"rendered":"","protected":false},"excerpt":{"rendered":"<p>\u00d3tr\u00falega flottur gl\u00e6r gler kertastjaki fyrir 3 kerti.<\/p>\n<p>H\u00e6\u00f0 37 cm<br \/>\nBreidd 22 cm<\/p>\n<p>Fallegt a\u00f0 vera me\u00f0 Led kertin \u00ed \u00feeim, vi\u00f0 eigum \u00feau \u00ed 7 litum.<br \/>\nSko\u00f0a <a href=\"https:\/\/ilmoliulampar.is\/en_gb\/product\/led-kerti-4-saman-i-pakka-4-litir\/\">H\u00e9r<\/a><\/p>","protected":false},"featured_media":58369,"comment_status":"open","ping_status":"closed","template":"","meta":[],"product_brand":[],"product_cat":[132,246,230],"product_tag":[],"class_list":{"0":"post-58368","1":"product","2":"type-product","3":"status-publish","4":"has-post-thumbnail","6":"product_cat-heimilid-2","7":"product_cat-kertastjakar","8":"product_cat-laekkadverd","10":"first","11":"outofstock","12":"sale","13":"shipping-taxable","14":"purchasable","15":"product-type-simple"},"_links":{"self":[{"href":"https:\/\/ilmoliulampar.is\/en_gb\/wp-json\/wp\/v2\/product\/58368","targetHints":{"allow":["GET"]}}],"collection":[{"href":"https:\/\/ilmoliulampar.is\/en_gb\/wp-json\/wp\/v2\/product"}],"about":[{"href":"https:\/\/ilmoliulampar.is\/en_gb\/wp-json\/wp\/v2\/types\/product"}],"replies":[{"embeddable":true,"href":"https:\/\/ilmoliulampar.is\/en_gb\/wp-json\/wp\/v2\/comments?post=58368"}],"wp:featuredmedia":[{"embeddable":true,"href":"https:\/\/ilmoliulampar.is\/en_gb\/wp-json\/wp\/v2\/media\/58369"}],"wp:attachment":[{"href":"https:\/\/ilmoliulampar.is\/en_gb\/wp-json\/wp\/v2\/media?parent=58368"}],"wp:term":[{"taxonomy":"product_brand","embeddable":true,"href":"https:\/\/ilmoliulampar.is\/en_gb\/wp-json\/wp\/v2\/product_brand?post=58368"},{"taxonomy":"product_cat","embeddable":true,"href":"https:\/\/ilmoliulampar.is\/en_gb\/wp-json\/wp\/v2\/product_cat?post=58368"},{"taxonomy":"product_tag","embeddable":true,"href":"https:\/\/ilmoliulampar.is\/en_gb\/wp-json\/wp\/v2\/product_tag?post=58368"}],"curies":[{"name":"wp","href":"https:\/\/api.w.org\/{rel}","templated":true}]}}