{"id":58486,"date":"2024-01-16T16:57:08","date_gmt":"2024-01-16T16:57:08","guid":{"rendered":"https:\/\/ilmoliulampar.is\/?post_type=product&#038;p=58486"},"modified":"2024-12-03T13:47:42","modified_gmt":"2024-12-03T13:47:42","slug":"hlebarda-vasi-2-staerdir-30-afslattur","status":"publish","type":"product","link":"https:\/\/ilmoliulampar.is\/en_gb\/product\/hlebarda-vasi-2-staerdir-30-afslattur\/","title":{"rendered":"Hl\u00e9bar\u00f0a vasi &#8211; 2 st\u00e6r\u00f0ir 30% afsl\u00e1ttur"},"content":{"rendered":"","protected":false},"excerpt":{"rendered":"<p>\u00d3tr\u00falega flottir vasar me\u00f0 hl\u00e9bar\u00f0a munstri.<\/p>\n<p>St\u00f3r &#8211; 35 * 20 * 20 cm<\/p>\n<p>L\u00edtill &#8211; 20 * 20 * 23 cm<\/p>","protected":false},"featured_media":58491,"comment_status":"open","ping_status":"closed","template":"","meta":[],"product_brand":[],"product_cat":[250,132,230],"product_tag":[],"class_list":{"0":"post-58486","1":"product","2":"type-product","3":"status-publish","4":"has-post-thumbnail","6":"product_cat-blomapottarvasar","7":"product_cat-heimilid-2","8":"product_cat-laekkadverd","10":"first","11":"instock","12":"sale","13":"shipping-taxable","14":"purchasable","15":"product-type-variable"},"_links":{"self":[{"href":"https:\/\/ilmoliulampar.is\/en_gb\/wp-json\/wp\/v2\/product\/58486","targetHints":{"allow":["GET"]}}],"collection":[{"href":"https:\/\/ilmoliulampar.is\/en_gb\/wp-json\/wp\/v2\/product"}],"about":[{"href":"https:\/\/ilmoliulampar.is\/en_gb\/wp-json\/wp\/v2\/types\/product"}],"replies":[{"embeddable":true,"href":"https:\/\/ilmoliulampar.is\/en_gb\/wp-json\/wp\/v2\/comments?post=58486"}],"wp:featuredmedia":[{"embeddable":true,"href":"https:\/\/ilmoliulampar.is\/en_gb\/wp-json\/wp\/v2\/media\/58491"}],"wp:attachment":[{"href":"https:\/\/ilmoliulampar.is\/en_gb\/wp-json\/wp\/v2\/media?parent=58486"}],"wp:term":[{"taxonomy":"product_brand","embeddable":true,"href":"https:\/\/ilmoliulampar.is\/en_gb\/wp-json\/wp\/v2\/product_brand?post=58486"},{"taxonomy":"product_cat","embeddable":true,"href":"https:\/\/ilmoliulampar.is\/en_gb\/wp-json\/wp\/v2\/product_cat?post=58486"},{"taxonomy":"product_tag","embeddable":true,"href":"https:\/\/ilmoliulampar.is\/en_gb\/wp-json\/wp\/v2\/product_tag?post=58486"}],"curies":[{"name":"wp","href":"https:\/\/api.w.org\/{rel}","templated":true}]}}