{"id":58539,"date":"2024-01-18T12:04:47","date_gmt":"2024-01-18T12:04:47","guid":{"rendered":"https:\/\/ilmoliulampar.is\/?post_type=product&#038;p=58539"},"modified":"2024-12-09T11:46:57","modified_gmt":"2024-12-09T11:46:57","slug":"teppi-5-litir","status":"publish","type":"product","link":"https:\/\/ilmoliulampar.is\/en_gb\/product\/teppi-5-litir\/","title":{"rendered":"Teppi &#8211; 5 litir"},"content":{"rendered":"","protected":false},"excerpt":{"rendered":"<p>\u00d3r\u00falega hl\u00fd, falleg &amp; v\u00f6ndu\u00f0 teppi fr\u00e1 d\u00f6nsku fagurkeranum cozy living &amp; on<\/p>\n<p>Teppin eru ullarblanda me\u00f0 k\u00f6gri.<\/p>\n<p>D\u00f6kk gr\u00e6na &#8211; 170 * 120 cm<br \/>\nSvarta &#8211; 170 * 120 cm<br \/>\nLj\u00f3s gr\u00e1a 175 * 120<br \/>\nD\u00f6kk gr\u00e1a 170 * 120 cm<br \/>\nBl\u00e1gr\u00e6na 180 * 120 cm<\/p>","protected":false},"featured_media":58546,"comment_status":"open","ping_status":"closed","template":"","meta":[],"product_brand":[],"product_cat":[132,230],"product_tag":[],"class_list":{"0":"post-58539","1":"product","2":"type-product","3":"status-publish","4":"has-post-thumbnail","6":"product_cat-heimilid-2","7":"product_cat-laekkadverd","9":"first","10":"instock","11":"sale","12":"shipping-taxable","13":"purchasable","14":"product-type-variable"},"_links":{"self":[{"href":"https:\/\/ilmoliulampar.is\/en_gb\/wp-json\/wp\/v2\/product\/58539","targetHints":{"allow":["GET"]}}],"collection":[{"href":"https:\/\/ilmoliulampar.is\/en_gb\/wp-json\/wp\/v2\/product"}],"about":[{"href":"https:\/\/ilmoliulampar.is\/en_gb\/wp-json\/wp\/v2\/types\/product"}],"replies":[{"embeddable":true,"href":"https:\/\/ilmoliulampar.is\/en_gb\/wp-json\/wp\/v2\/comments?post=58539"}],"wp:featuredmedia":[{"embeddable":true,"href":"https:\/\/ilmoliulampar.is\/en_gb\/wp-json\/wp\/v2\/media\/58546"}],"wp:attachment":[{"href":"https:\/\/ilmoliulampar.is\/en_gb\/wp-json\/wp\/v2\/media?parent=58539"}],"wp:term":[{"taxonomy":"product_brand","embeddable":true,"href":"https:\/\/ilmoliulampar.is\/en_gb\/wp-json\/wp\/v2\/product_brand?post=58539"},{"taxonomy":"product_cat","embeddable":true,"href":"https:\/\/ilmoliulampar.is\/en_gb\/wp-json\/wp\/v2\/product_cat?post=58539"},{"taxonomy":"product_tag","embeddable":true,"href":"https:\/\/ilmoliulampar.is\/en_gb\/wp-json\/wp\/v2\/product_tag?post=58539"}],"curies":[{"name":"wp","href":"https:\/\/api.w.org\/{rel}","templated":true}]}}