{"id":58604,"date":"2024-01-23T11:37:57","date_gmt":"2024-01-23T11:37:57","guid":{"rendered":"https:\/\/ilmoliulampar.is\/?post_type=product&#038;p=58604"},"modified":"2026-02-09T17:20:25","modified_gmt":"2026-02-09T17:20:25","slug":"ilmsteina-sett-50-afslattur","status":"publish","type":"product","link":"https:\/\/ilmoliulampar.is\/en_gb\/product\/ilmsteina-sett-50-afslattur\/","title":{"rendered":"Ilmsteina sett &#8211; 50% afsl\u00e1ttur"},"content":{"rendered":"","protected":false},"excerpt":{"rendered":"<p>Keramik ilmsteina sett fr\u00e1 Made by Zen<\/p>\n<p>Virkilega fallegt sett, ilmsteinn og ilmur \u00ed spreyformi, mj\u00f6g au\u00f0velt \u00ed notkun! Hengdu steininn \u00ed fatask\u00e1pinn, \u00e1 hur\u00f0ah\u00faninn, \u00ed b\u00edlinn &#8211; hvar sem \u00fe\u00fa vilt f\u00e1 g\u00f3\u00f0an ilm &amp; spreyja\u00f0u sm\u00e1 \u00ed steininn! \ud83d\ude42<\/p>\n<p>Ilmsteina setti\u00f0 er f\u00e1anlegt \u00ed lyktunum Black &amp; Amber Sakura<\/p>\n<p>&nbsp;<\/p>\n<p>Einstaklega falleg gj\u00f6f.<\/p>\n<p>&nbsp;<\/p>","protected":false},"featured_media":58606,"comment_status":"open","ping_status":"closed","template":"","meta":[],"product_brand":[],"product_cat":[180,230,121],"product_tag":[],"class_list":{"0":"post-58604","1":"product","2":"type-product","3":"status-publish","4":"has-post-thumbnail","6":"product_cat-ilmvorur","7":"product_cat-laekkadverd","8":"product_cat-tilbod-adrar-vorur","10":"first","11":"instock","12":"sale","13":"shipping-taxable","14":"purchasable","15":"product-type-variable"},"_links":{"self":[{"href":"https:\/\/ilmoliulampar.is\/en_gb\/wp-json\/wp\/v2\/product\/58604","targetHints":{"allow":["GET"]}}],"collection":[{"href":"https:\/\/ilmoliulampar.is\/en_gb\/wp-json\/wp\/v2\/product"}],"about":[{"href":"https:\/\/ilmoliulampar.is\/en_gb\/wp-json\/wp\/v2\/types\/product"}],"replies":[{"embeddable":true,"href":"https:\/\/ilmoliulampar.is\/en_gb\/wp-json\/wp\/v2\/comments?post=58604"}],"wp:featuredmedia":[{"embeddable":true,"href":"https:\/\/ilmoliulampar.is\/en_gb\/wp-json\/wp\/v2\/media\/58606"}],"wp:attachment":[{"href":"https:\/\/ilmoliulampar.is\/en_gb\/wp-json\/wp\/v2\/media?parent=58604"}],"wp:term":[{"taxonomy":"product_brand","embeddable":true,"href":"https:\/\/ilmoliulampar.is\/en_gb\/wp-json\/wp\/v2\/product_brand?post=58604"},{"taxonomy":"product_cat","embeddable":true,"href":"https:\/\/ilmoliulampar.is\/en_gb\/wp-json\/wp\/v2\/product_cat?post=58604"},{"taxonomy":"product_tag","embeddable":true,"href":"https:\/\/ilmoliulampar.is\/en_gb\/wp-json\/wp\/v2\/product_tag?post=58604"}],"curies":[{"name":"wp","href":"https:\/\/api.w.org\/{rel}","templated":true}]}}