{"id":58684,"date":"2024-02-05T17:29:21","date_gmt":"2024-02-05T17:29:21","guid":{"rendered":"https:\/\/ilmoliulampar.is\/?post_type=product&#038;p=58684"},"modified":"2024-12-03T13:32:36","modified_gmt":"2024-12-03T13:32:36","slug":"bord-med-bladagrind","status":"publish","type":"product","link":"https:\/\/ilmoliulampar.is\/en_gb\/product\/bord-med-bladagrind\/","title":{"rendered":"Bor\u00f0 me\u00f0 bla\u00f0agrind"},"content":{"rendered":"","protected":false},"excerpt":{"rendered":"<p>Skemmtilegt bor\u00f0 me\u00f0 bla\u00f0agrind undir.<\/p>\n<p>H\u00e6\u00f0 65cm &#8211; umm\u00e1l 46cm &#8211; \u00feyngd 6kg<\/p>\n<p>Efni: J\u00e1rn og speglagler<\/p>\n<p>&nbsp;<\/p>","protected":false},"featured_media":58685,"comment_status":"open","ping_status":"closed","template":"","meta":[],"product_brand":[],"product_cat":[247,132],"product_tag":[],"class_list":{"0":"post-58684","1":"product","2":"type-product","3":"status-publish","4":"has-post-thumbnail","6":"product_cat-bord","7":"product_cat-heimilid-2","8":"product_shipping_class-stor-vara","10":"first","11":"instock","12":"shipping-taxable","13":"purchasable","14":"product-type-simple"},"_links":{"self":[{"href":"https:\/\/ilmoliulampar.is\/en_gb\/wp-json\/wp\/v2\/product\/58684","targetHints":{"allow":["GET"]}}],"collection":[{"href":"https:\/\/ilmoliulampar.is\/en_gb\/wp-json\/wp\/v2\/product"}],"about":[{"href":"https:\/\/ilmoliulampar.is\/en_gb\/wp-json\/wp\/v2\/types\/product"}],"replies":[{"embeddable":true,"href":"https:\/\/ilmoliulampar.is\/en_gb\/wp-json\/wp\/v2\/comments?post=58684"}],"wp:featuredmedia":[{"embeddable":true,"href":"https:\/\/ilmoliulampar.is\/en_gb\/wp-json\/wp\/v2\/media\/58685"}],"wp:attachment":[{"href":"https:\/\/ilmoliulampar.is\/en_gb\/wp-json\/wp\/v2\/media?parent=58684"}],"wp:term":[{"taxonomy":"product_brand","embeddable":true,"href":"https:\/\/ilmoliulampar.is\/en_gb\/wp-json\/wp\/v2\/product_brand?post=58684"},{"taxonomy":"product_cat","embeddable":true,"href":"https:\/\/ilmoliulampar.is\/en_gb\/wp-json\/wp\/v2\/product_cat?post=58684"},{"taxonomy":"product_tag","embeddable":true,"href":"https:\/\/ilmoliulampar.is\/en_gb\/wp-json\/wp\/v2\/product_tag?post=58684"}],"curies":[{"name":"wp","href":"https:\/\/api.w.org\/{rel}","templated":true}]}}