{"id":58839,"date":"2025-02-10T11:02:08","date_gmt":"2025-02-10T11:02:08","guid":{"rendered":"https:\/\/ilmoliulampar.is\/?post_type=product&#038;p=58839"},"modified":"2026-03-13T11:34:22","modified_gmt":"2026-03-13T11:34:22","slug":"grace-gratt-2-staerdir","status":"publish","type":"product","link":"https:\/\/ilmoliulampar.is\/en_gb\/product\/grace-gratt-2-staerdir\/","title":{"rendered":"Grace \u2013 Gr\u00e1tt, 2 st\u00e6r\u00f0ir"},"content":{"rendered":"","protected":false},"excerpt":{"rendered":"<p>Grace \u2013 Gr\u00e1tt<\/p>\n<p>Vi\u00f0 eigum einfaldlega ekki n\u00f3gu g\u00f3\u00f0 l\u00fdsingaror\u00f0 yfir \u00feessa d\u00fdr\u00f0!<br \/>\nFr\u00f6nsk h\u00f6nnun &amp; framlei\u00f0sla!<\/p>\n<div class=\"text_exposed_show\">\n<p>Vegg lj\u00f3sin eru f\u00e1anleg \u00ed 2 st\u00e6r\u00f0um!<br \/>\nMinni lj\u00f3sin, st\u00e6r\u00f0 200\u00d7120 mm<br \/>\nSt\u00e6rri lj\u00f3sin, st\u00e6r\u00f0 280\u00d7140 mm<\/p>\n<\/div>","protected":false},"featured_media":67832,"comment_status":"open","ping_status":"closed","template":"","meta":[],"product_brand":[],"product_cat":[210,226,107],"product_tag":[],"class_list":{"0":"post-58839","1":"product","2":"type-product","3":"status-publish","4":"has-post-thumbnail","6":"product_cat-fronsku-ljosin","7":"product_cat-fronsku-ljosin-2","8":"product_cat-lampar","10":"first","11":"instock","12":"shipping-taxable","13":"purchasable","14":"product-type-variable"},"_links":{"self":[{"href":"https:\/\/ilmoliulampar.is\/en_gb\/wp-json\/wp\/v2\/product\/58839","targetHints":{"allow":["GET"]}}],"collection":[{"href":"https:\/\/ilmoliulampar.is\/en_gb\/wp-json\/wp\/v2\/product"}],"about":[{"href":"https:\/\/ilmoliulampar.is\/en_gb\/wp-json\/wp\/v2\/types\/product"}],"replies":[{"embeddable":true,"href":"https:\/\/ilmoliulampar.is\/en_gb\/wp-json\/wp\/v2\/comments?post=58839"}],"wp:featuredmedia":[{"embeddable":true,"href":"https:\/\/ilmoliulampar.is\/en_gb\/wp-json\/wp\/v2\/media\/67832"}],"wp:attachment":[{"href":"https:\/\/ilmoliulampar.is\/en_gb\/wp-json\/wp\/v2\/media?parent=58839"}],"wp:term":[{"taxonomy":"product_brand","embeddable":true,"href":"https:\/\/ilmoliulampar.is\/en_gb\/wp-json\/wp\/v2\/product_brand?post=58839"},{"taxonomy":"product_cat","embeddable":true,"href":"https:\/\/ilmoliulampar.is\/en_gb\/wp-json\/wp\/v2\/product_cat?post=58839"},{"taxonomy":"product_tag","embeddable":true,"href":"https:\/\/ilmoliulampar.is\/en_gb\/wp-json\/wp\/v2\/product_tag?post=58839"}],"curies":[{"name":"wp","href":"https:\/\/api.w.org\/{rel}","templated":true}]}}