{"id":58867,"date":"2024-02-12T13:53:46","date_gmt":"2024-02-12T13:53:46","guid":{"rendered":"https:\/\/ilmoliulampar.is\/?post_type=product&#038;p=58867"},"modified":"2026-01-31T15:56:30","modified_gmt":"2026-01-31T15:56:30","slug":"eco-by-sonya-glory-veil-spf-50","status":"publish","type":"product","link":"https:\/\/ilmoliulampar.is\/en_gb\/product\/eco-by-sonya-glory-veil-spf-50\/","title":{"rendered":"Eco by Sonya &#8211; Glory Veil SPF 50"},"content":{"rendered":"","protected":false},"excerpt":{"rendered":"<p>St\u00edg\u00f0u inn \u00ed s\u00f3lskini\u00f0 me\u00f0 n\u00e1tt\u00farulega s\u00f3larkreminu okkar sem er samsett m.a me\u00f0 kraftmikilli og v\u00edtam\u00ednr\u00edkri gulr\u00f3tarol\u00edu. \u00dea\u00f0 eru n\u00e1kv\u00e6mlega engin sterk og tilb\u00fain efni e\u00f0a ilmefni \u00ed kreminu. \u00a0Hanna\u00f0 s\u00e9rstaklega fyrir mj\u00f6g vi\u00f0kv\u00e6ma h\u00fa\u00f0, b\u00f6rn allt ni\u00f0ur \u00ed 6 m\u00e1na\u00f0a g\u00f6mul mega nota s\u00f3larv\u00f6rnina fr\u00e1 okkur. Vi\u00f0 \u00feurfum a\u00f0 geta\u00f0 vernda\u00f0 alla gegn UVA\/UVB geislum.<\/p>\n<p>Taktu eftir, kremi\u00f0 er hanna\u00f0 og framleitt \u00ed Queensland \u00c1stral\u00edu \u00fear sem \u00feau erum me\u00f0 h\u00e6stu t\u00ed\u00f0ni h\u00fa\u00f0krabbameina \u00ed heiminum. \u00dea\u00f0 er akkurat \u00feess vegna sem vi\u00f0 t\u00f6kum mj\u00f6g alvarlega a\u00f0 gera s\u00f3larv\u00f6rn sem allir \u00e6ttu a\u00f0 geta\u00f0 nota\u00f0.<\/p>\n<p>E-v\u00edtam\u00edn &#8211; hj\u00e1lpar til vi\u00f0 a\u00f0 b\u00e6ta \u00fatlit h\u00fa\u00f0ar \u00e1 frumstigi, \u00fea\u00f0 \u00fe\u00fd\u00f0ir a\u00f0 \u00fea\u00f0 stu\u00f0lar a\u00f0 endurn\u00fdjun h\u00fa\u00f0arinnar og endurn\u00fdjun frumna. \u00deess vegna b\u00e6tir \u00fea\u00f0 mislitun eins og br\u00fana bletti \u00ed h\u00fa\u00f0inni.<\/p>\n<p>Gulr\u00f3tarfr\u00e6ol\u00eda &#8211; Mj\u00f6g rakagefandi og hj\u00e1lpar einnig vi\u00f0 a\u00f0 l\u00e6kna h\u00fa\u00f0ina. Fullkomi\u00f0 fyrir \u00fe\u00e1 sem vilja laga og b\u00e6ta \u00feurra e\u00f0a pirra\u00f0a h\u00fa\u00f0.<\/p>\n<p>150 ML<\/p>\n<p>&nbsp;<\/p>\n<p>innihaldsefni: \u00a0Zinc Oxide 227.5 mg\/g** Inactives: Coconut Oil**, Candelilla Wax**, Castor Oil (Vegetable Derived)**, Medium Chain Triglycerides (Plant Derived)**, d-alpha-Tocopheryl Acetate (Natural Vitamin E)**, Polyglyceryl-3 Polyricinoleate (Vegetable Derived)**, Hydrogenated Castor Oil (Vegetable Derived)**, Coco-Octanoate\/Decanoate (Plant Derived)**, Daucus Carota (Carrot) Seed Oil**, Sunflower Oil**, Isostearic Acid (Plant Derived)** Made with **Natural ingredients<\/p>","protected":false},"featured_media":63893,"comment_status":"open","ping_status":"closed","template":"","meta":[],"product_brand":[],"product_cat":[192,129,191],"product_tag":[],"class_list":{"0":"post-58867","1":"product","2":"type-product","3":"status-publish","4":"has-post-thumbnail","6":"product_cat-eco-by-sonia","7":"product_cat-eco-by-sonya","8":"product_cat-hud-og-snyrtivorur","10":"first","11":"instock","12":"shipping-taxable","13":"purchasable","14":"product-type-simple"},"_links":{"self":[{"href":"https:\/\/ilmoliulampar.is\/en_gb\/wp-json\/wp\/v2\/product\/58867","targetHints":{"allow":["GET"]}}],"collection":[{"href":"https:\/\/ilmoliulampar.is\/en_gb\/wp-json\/wp\/v2\/product"}],"about":[{"href":"https:\/\/ilmoliulampar.is\/en_gb\/wp-json\/wp\/v2\/types\/product"}],"replies":[{"embeddable":true,"href":"https:\/\/ilmoliulampar.is\/en_gb\/wp-json\/wp\/v2\/comments?post=58867"}],"wp:featuredmedia":[{"embeddable":true,"href":"https:\/\/ilmoliulampar.is\/en_gb\/wp-json\/wp\/v2\/media\/63893"}],"wp:attachment":[{"href":"https:\/\/ilmoliulampar.is\/en_gb\/wp-json\/wp\/v2\/media?parent=58867"}],"wp:term":[{"taxonomy":"product_brand","embeddable":true,"href":"https:\/\/ilmoliulampar.is\/en_gb\/wp-json\/wp\/v2\/product_brand?post=58867"},{"taxonomy":"product_cat","embeddable":true,"href":"https:\/\/ilmoliulampar.is\/en_gb\/wp-json\/wp\/v2\/product_cat?post=58867"},{"taxonomy":"product_tag","embeddable":true,"href":"https:\/\/ilmoliulampar.is\/en_gb\/wp-json\/wp\/v2\/product_tag?post=58867"}],"curies":[{"name":"wp","href":"https:\/\/api.w.org\/{rel}","templated":true}]}}