{"id":58888,"date":"2024-02-14T11:27:33","date_gmt":"2024-02-14T11:27:33","guid":{"rendered":"https:\/\/ilmoliulampar.is\/?post_type=product&#038;p=58888"},"modified":"2024-11-23T13:24:52","modified_gmt":"2024-11-23T13:24:52","slug":"life-is-beautiful-led-pera","status":"publish","type":"product","link":"https:\/\/ilmoliulampar.is\/en_gb\/product\/life-is-beautiful-led-pera\/","title":{"rendered":"LIFE IS BEAUTIFUL \u2013 LED PERA"},"content":{"rendered":"","protected":false},"excerpt":{"rendered":"<p>Life is beautiful LED lj\u00f3sapera! Gulir stafir, amber gler.<\/p>\n<p>S\u00e9rstaklega vanda\u00f0ar, \u00a0franskar,handger\u00f0ar LED lj\u00f3saperur fr\u00e1 \u00feeim s\u00f6mu og f\u00e6r\u00f0u okkur \u201efr\u00f6nsku lj\u00f3sin\u201c!<\/p>\n<p>Um er a\u00f0 r\u00e6\u00f0a handger\u00f0ar, dimmanlegar perur.<\/p>\n<p>St\u00e6r\u00f0: 172mm x 125 mm<\/p>\n<p>&nbsp;<\/p>\n<p>E27 G125, CE, RoHS compliant<\/p>\n<p>LED 2.5W, AC 220-240v, 50\/60Hz, 25mA<\/p>","protected":false},"featured_media":58896,"comment_status":"open","ping_status":"closed","template":"","meta":[],"product_brand":[],"product_cat":[225,150],"product_tag":[],"class_list":{"0":"post-58888","1":"product","2":"type-product","3":"status-publish","4":"has-post-thumbnail","6":"product_cat-led-perur-adrar-vorur","7":"product_cat-skilabod-i-peru-og-lampar","9":"first","10":"instock","11":"shipping-taxable","12":"purchasable","13":"product-type-simple"},"_links":{"self":[{"href":"https:\/\/ilmoliulampar.is\/en_gb\/wp-json\/wp\/v2\/product\/58888","targetHints":{"allow":["GET"]}}],"collection":[{"href":"https:\/\/ilmoliulampar.is\/en_gb\/wp-json\/wp\/v2\/product"}],"about":[{"href":"https:\/\/ilmoliulampar.is\/en_gb\/wp-json\/wp\/v2\/types\/product"}],"replies":[{"embeddable":true,"href":"https:\/\/ilmoliulampar.is\/en_gb\/wp-json\/wp\/v2\/comments?post=58888"}],"wp:featuredmedia":[{"embeddable":true,"href":"https:\/\/ilmoliulampar.is\/en_gb\/wp-json\/wp\/v2\/media\/58896"}],"wp:attachment":[{"href":"https:\/\/ilmoliulampar.is\/en_gb\/wp-json\/wp\/v2\/media?parent=58888"}],"wp:term":[{"taxonomy":"product_brand","embeddable":true,"href":"https:\/\/ilmoliulampar.is\/en_gb\/wp-json\/wp\/v2\/product_brand?post=58888"},{"taxonomy":"product_cat","embeddable":true,"href":"https:\/\/ilmoliulampar.is\/en_gb\/wp-json\/wp\/v2\/product_cat?post=58888"},{"taxonomy":"product_tag","embeddable":true,"href":"https:\/\/ilmoliulampar.is\/en_gb\/wp-json\/wp\/v2\/product_tag?post=58888"}],"curies":[{"name":"wp","href":"https:\/\/api.w.org\/{rel}","templated":true}]}}