{"id":58963,"date":"2024-02-20T14:56:24","date_gmt":"2024-02-20T14:56:24","guid":{"rendered":"https:\/\/ilmoliulampar.is\/?post_type=product&#038;p=58963"},"modified":"2024-10-29T13:13:41","modified_gmt":"2024-10-29T13:13:41","slug":"olga-06","status":"publish","type":"product","link":"https:\/\/ilmoliulampar.is\/en_gb\/product\/olga-06\/","title":{"rendered":"OLGA 06"},"content":{"rendered":"","protected":false},"excerpt":{"rendered":"<p>Einstaklega fallegt loftlj\u00f3s OLGA 06<\/p>\n<p>Lj\u00f3si\u00f0 sj\u00e1lft er gyllt me\u00f0 gr\u00e1um k\u00faplum.<\/p>\n<p>\u00deverm\u00e1l 660mm &#8211; H\u00e6\u00f0 170mm<\/p>\n<p>\u00c1l &#8211; j\u00e1rn &#8211; gler<\/p>","protected":false},"featured_media":58964,"comment_status":"open","ping_status":"closed","template":"","meta":[],"product_brand":[],"product_cat":[210,226,107],"product_tag":[],"class_list":{"0":"post-58963","1":"product","2":"type-product","3":"status-publish","4":"has-post-thumbnail","6":"product_cat-fronsku-ljosin","7":"product_cat-fronsku-ljosin-2","8":"product_cat-lampar","10":"first","11":"instock","12":"shipping-taxable","13":"purchasable","14":"product-type-simple"},"_links":{"self":[{"href":"https:\/\/ilmoliulampar.is\/en_gb\/wp-json\/wp\/v2\/product\/58963","targetHints":{"allow":["GET"]}}],"collection":[{"href":"https:\/\/ilmoliulampar.is\/en_gb\/wp-json\/wp\/v2\/product"}],"about":[{"href":"https:\/\/ilmoliulampar.is\/en_gb\/wp-json\/wp\/v2\/types\/product"}],"replies":[{"embeddable":true,"href":"https:\/\/ilmoliulampar.is\/en_gb\/wp-json\/wp\/v2\/comments?post=58963"}],"wp:featuredmedia":[{"embeddable":true,"href":"https:\/\/ilmoliulampar.is\/en_gb\/wp-json\/wp\/v2\/media\/58964"}],"wp:attachment":[{"href":"https:\/\/ilmoliulampar.is\/en_gb\/wp-json\/wp\/v2\/media?parent=58963"}],"wp:term":[{"taxonomy":"product_brand","embeddable":true,"href":"https:\/\/ilmoliulampar.is\/en_gb\/wp-json\/wp\/v2\/product_brand?post=58963"},{"taxonomy":"product_cat","embeddable":true,"href":"https:\/\/ilmoliulampar.is\/en_gb\/wp-json\/wp\/v2\/product_cat?post=58963"},{"taxonomy":"product_tag","embeddable":true,"href":"https:\/\/ilmoliulampar.is\/en_gb\/wp-json\/wp\/v2\/product_tag?post=58963"}],"curies":[{"name":"wp","href":"https:\/\/api.w.org\/{rel}","templated":true}]}}