{"id":58965,"date":"2024-02-20T15:02:02","date_gmt":"2024-02-20T15:02:02","guid":{"rendered":"https:\/\/ilmoliulampar.is\/?post_type=product&#038;p=58965"},"modified":"2024-10-06T20:25:21","modified_gmt":"2024-10-06T20:25:21","slug":"grace-04","status":"publish","type":"product","link":"https:\/\/ilmoliulampar.is\/en_gb\/product\/grace-04\/","title":{"rendered":"GRACE 04"},"content":{"rendered":"<p>Svona lj\u00f3s s\u00e9r\u00f0u ekki hvar sem er !<\/p>\n<p>Einstakt fj\u00f6gurra lj\u00f3sa Grace lj\u00f3sakr\u00f3na<\/p>\n<p>\u00deverm\u00e1li\u00f0 \u00e1 plattanum er 600mm kapallengdin er 2 metrar \u00e1 hverju lj\u00f3si (hver og einn stillir s\u00edna h\u00e6\u00f0.<\/p>\n<p>\u00c1l &#8211; j\u00e1rn &#8211; gler<\/p>\n<p>&nbsp;<\/p>","protected":false},"excerpt":{"rendered":"<p>Svona lj\u00f3s s\u00e9r\u00f0u ekki hvar sem er ! Einstakt fj\u00f6gurra lj\u00f3sa Grace lj\u00f3sakr\u00f3na \u00deverm\u00e1li\u00f0 \u00e1 plattanum er 600mm kapallengdin er 2 metrar \u00e1 hverju lj\u00f3si (hver og einn stillir s\u00edna h\u00e6\u00f0. \u00c1l &#8211; j\u00e1rn &#8211; gler &nbsp;<\/p>","protected":false},"featured_media":58966,"comment_status":"open","ping_status":"closed","template":"","meta":[],"product_brand":[],"product_cat":[210,226,107],"product_tag":[],"class_list":{"0":"post-58965","1":"product","2":"type-product","3":"status-publish","4":"has-post-thumbnail","6":"product_cat-fronsku-ljosin","7":"product_cat-fronsku-ljosin-2","8":"product_cat-lampar","10":"first","11":"instock","12":"shipping-taxable","13":"purchasable","14":"product-type-simple"},"_links":{"self":[{"href":"https:\/\/ilmoliulampar.is\/en_gb\/wp-json\/wp\/v2\/product\/58965","targetHints":{"allow":["GET"]}}],"collection":[{"href":"https:\/\/ilmoliulampar.is\/en_gb\/wp-json\/wp\/v2\/product"}],"about":[{"href":"https:\/\/ilmoliulampar.is\/en_gb\/wp-json\/wp\/v2\/types\/product"}],"replies":[{"embeddable":true,"href":"https:\/\/ilmoliulampar.is\/en_gb\/wp-json\/wp\/v2\/comments?post=58965"}],"wp:featuredmedia":[{"embeddable":true,"href":"https:\/\/ilmoliulampar.is\/en_gb\/wp-json\/wp\/v2\/media\/58966"}],"wp:attachment":[{"href":"https:\/\/ilmoliulampar.is\/en_gb\/wp-json\/wp\/v2\/media?parent=58965"}],"wp:term":[{"taxonomy":"product_brand","embeddable":true,"href":"https:\/\/ilmoliulampar.is\/en_gb\/wp-json\/wp\/v2\/product_brand?post=58965"},{"taxonomy":"product_cat","embeddable":true,"href":"https:\/\/ilmoliulampar.is\/en_gb\/wp-json\/wp\/v2\/product_cat?post=58965"},{"taxonomy":"product_tag","embeddable":true,"href":"https:\/\/ilmoliulampar.is\/en_gb\/wp-json\/wp\/v2\/product_tag?post=58965"}],"curies":[{"name":"wp","href":"https:\/\/api.w.org\/{rel}","templated":true}]}}