{"id":58967,"date":"2024-02-20T15:05:40","date_gmt":"2024-02-20T15:05:40","guid":{"rendered":"https:\/\/ilmoliulampar.is\/?post_type=product&#038;p=58967"},"modified":"2024-10-29T13:15:44","modified_gmt":"2024-10-29T13:15:44","slug":"kelly-gratt-gyllt","status":"publish","type":"product","link":"https:\/\/ilmoliulampar.is\/en_gb\/product\/kelly-gratt-gyllt\/","title":{"rendered":"KELLY  Gr\u00e1tt\/gyllt"},"content":{"rendered":"<p>Kelly er fallegt vegglj\u00f3s, gr\u00e1tt og gyllt<\/p>\n<p>\u00deverm\u00e1l: 250mm &#8211; d\u00fdpt 150mm<\/p>\n<p>Led &#8211; \u00e1l &#8211; j\u00e1rn &#8211; gler<\/p>","protected":false},"excerpt":{"rendered":"<p>Kelly er fallegt vegglj\u00f3s, gr\u00e1tt og gyllt \u00deverm\u00e1l: 250mm &#8211; d\u00fdpt 150mm Led &#8211; \u00e1l &#8211; j\u00e1rn &#8211; gler<\/p>","protected":false},"featured_media":58968,"comment_status":"open","ping_status":"closed","template":"","meta":[],"product_brand":[],"product_cat":[210,226,107],"product_tag":[],"class_list":{"0":"post-58967","1":"product","2":"type-product","3":"status-publish","4":"has-post-thumbnail","6":"product_cat-fronsku-ljosin","7":"product_cat-fronsku-ljosin-2","8":"product_cat-lampar","10":"first","11":"instock","12":"shipping-taxable","13":"purchasable","14":"product-type-simple"},"_links":{"self":[{"href":"https:\/\/ilmoliulampar.is\/en_gb\/wp-json\/wp\/v2\/product\/58967","targetHints":{"allow":["GET"]}}],"collection":[{"href":"https:\/\/ilmoliulampar.is\/en_gb\/wp-json\/wp\/v2\/product"}],"about":[{"href":"https:\/\/ilmoliulampar.is\/en_gb\/wp-json\/wp\/v2\/types\/product"}],"replies":[{"embeddable":true,"href":"https:\/\/ilmoliulampar.is\/en_gb\/wp-json\/wp\/v2\/comments?post=58967"}],"wp:featuredmedia":[{"embeddable":true,"href":"https:\/\/ilmoliulampar.is\/en_gb\/wp-json\/wp\/v2\/media\/58968"}],"wp:attachment":[{"href":"https:\/\/ilmoliulampar.is\/en_gb\/wp-json\/wp\/v2\/media?parent=58967"}],"wp:term":[{"taxonomy":"product_brand","embeddable":true,"href":"https:\/\/ilmoliulampar.is\/en_gb\/wp-json\/wp\/v2\/product_brand?post=58967"},{"taxonomy":"product_cat","embeddable":true,"href":"https:\/\/ilmoliulampar.is\/en_gb\/wp-json\/wp\/v2\/product_cat?post=58967"},{"taxonomy":"product_tag","embeddable":true,"href":"https:\/\/ilmoliulampar.is\/en_gb\/wp-json\/wp\/v2\/product_tag?post=58967"}],"curies":[{"name":"wp","href":"https:\/\/api.w.org\/{rel}","templated":true}]}}