{"id":58969,"date":"2024-02-20T15:22:30","date_gmt":"2024-02-20T15:22:30","guid":{"rendered":"https:\/\/ilmoliulampar.is\/?post_type=product&#038;p=58969"},"modified":"2024-11-12T01:15:26","modified_gmt":"2024-11-12T01:15:26","slug":"diane-01","status":"publish","type":"product","link":"https:\/\/ilmoliulampar.is\/en_gb\/product\/diane-01\/","title":{"rendered":"DIANE 01"},"content":{"rendered":"","protected":false},"excerpt":{"rendered":"<p>DIANE 01<\/p>\n<p>Falleg speglagr\u00e1 k\u00fala<\/p>\n<p>\u00deverm\u00e1l \u00e1 k\u00falu 200mm \u00a0 \u00a0 \u00a0 \u00a0Kapallengd 3 metrar<\/p>\n<p>\u00c1l &#8211; j\u00e1rn &#8211; gler<\/p>","protected":false},"featured_media":58970,"comment_status":"open","ping_status":"closed","template":"","meta":[],"product_brand":[],"product_cat":[210,226,107],"product_tag":[],"class_list":{"0":"post-58969","1":"product","2":"type-product","3":"status-publish","4":"has-post-thumbnail","6":"product_cat-fronsku-ljosin","7":"product_cat-fronsku-ljosin-2","8":"product_cat-lampar","10":"first","11":"instock","12":"shipping-taxable","13":"purchasable","14":"product-type-simple"},"_links":{"self":[{"href":"https:\/\/ilmoliulampar.is\/en_gb\/wp-json\/wp\/v2\/product\/58969","targetHints":{"allow":["GET"]}}],"collection":[{"href":"https:\/\/ilmoliulampar.is\/en_gb\/wp-json\/wp\/v2\/product"}],"about":[{"href":"https:\/\/ilmoliulampar.is\/en_gb\/wp-json\/wp\/v2\/types\/product"}],"replies":[{"embeddable":true,"href":"https:\/\/ilmoliulampar.is\/en_gb\/wp-json\/wp\/v2\/comments?post=58969"}],"wp:featuredmedia":[{"embeddable":true,"href":"https:\/\/ilmoliulampar.is\/en_gb\/wp-json\/wp\/v2\/media\/58970"}],"wp:attachment":[{"href":"https:\/\/ilmoliulampar.is\/en_gb\/wp-json\/wp\/v2\/media?parent=58969"}],"wp:term":[{"taxonomy":"product_brand","embeddable":true,"href":"https:\/\/ilmoliulampar.is\/en_gb\/wp-json\/wp\/v2\/product_brand?post=58969"},{"taxonomy":"product_cat","embeddable":true,"href":"https:\/\/ilmoliulampar.is\/en_gb\/wp-json\/wp\/v2\/product_cat?post=58969"},{"taxonomy":"product_tag","embeddable":true,"href":"https:\/\/ilmoliulampar.is\/en_gb\/wp-json\/wp\/v2\/product_tag?post=58969"}],"curies":[{"name":"wp","href":"https:\/\/api.w.org\/{rel}","templated":true}]}}