{"id":58986,"date":"2024-02-21T12:06:17","date_gmt":"2024-02-21T12:06:17","guid":{"rendered":"https:\/\/ilmoliulampar.is\/?post_type=product&#038;p=58986"},"modified":"2025-02-05T16:20:32","modified_gmt":"2025-02-05T16:20:32","slug":"hair-blomavasar-90-cm-a-haed","status":"publish","type":"product","link":"https:\/\/ilmoliulampar.is\/en_gb\/product\/hair-blomavasar-90-cm-a-haed\/","title":{"rendered":"H\u00e1ir bl\u00f3mavasar  90 cm \u00e1 h\u00e6\u00f0"},"content":{"rendered":"","protected":false},"excerpt":{"rendered":"<p>\u00d3tr\u00falega flottir hv\u00edtir \u00a0&amp; gylltir h\u00e1ir j\u00e1rn bl\u00f3mavasar.<\/p>\n<p>Minni st\u00e6r\u00f0 :<br \/>\n70 cm \u00e1 h\u00e6\u00f0 &amp; 15 cm \u00e1 breidd<br \/>\nSt\u00e6rri st\u00e6r\u00f0 :<br \/>\n90 cm \u00e1 h\u00e6\u00f0 &amp; 15 cm \u00e1 breidd<\/p>","protected":false},"featured_media":58979,"comment_status":"open","ping_status":"closed","template":"","meta":[],"product_brand":[],"product_cat":[250,132],"product_tag":[],"class_list":{"0":"post-58986","1":"product","2":"type-product","3":"status-publish","4":"has-post-thumbnail","6":"product_cat-blomapottarvasar","7":"product_cat-heimilid-2","9":"first","10":"instock","11":"shipping-taxable","12":"purchasable","13":"product-type-variable"},"_links":{"self":[{"href":"https:\/\/ilmoliulampar.is\/en_gb\/wp-json\/wp\/v2\/product\/58986","targetHints":{"allow":["GET"]}}],"collection":[{"href":"https:\/\/ilmoliulampar.is\/en_gb\/wp-json\/wp\/v2\/product"}],"about":[{"href":"https:\/\/ilmoliulampar.is\/en_gb\/wp-json\/wp\/v2\/types\/product"}],"replies":[{"embeddable":true,"href":"https:\/\/ilmoliulampar.is\/en_gb\/wp-json\/wp\/v2\/comments?post=58986"}],"wp:featuredmedia":[{"embeddable":true,"href":"https:\/\/ilmoliulampar.is\/en_gb\/wp-json\/wp\/v2\/media\/58979"}],"wp:attachment":[{"href":"https:\/\/ilmoliulampar.is\/en_gb\/wp-json\/wp\/v2\/media?parent=58986"}],"wp:term":[{"taxonomy":"product_brand","embeddable":true,"href":"https:\/\/ilmoliulampar.is\/en_gb\/wp-json\/wp\/v2\/product_brand?post=58986"},{"taxonomy":"product_cat","embeddable":true,"href":"https:\/\/ilmoliulampar.is\/en_gb\/wp-json\/wp\/v2\/product_cat?post=58986"},{"taxonomy":"product_tag","embeddable":true,"href":"https:\/\/ilmoliulampar.is\/en_gb\/wp-json\/wp\/v2\/product_tag?post=58986"}],"curies":[{"name":"wp","href":"https:\/\/api.w.org\/{rel}","templated":true}]}}