{"id":58995,"date":"2024-02-22T11:43:24","date_gmt":"2024-02-22T11:43:24","guid":{"rendered":"https:\/\/ilmoliulampar.is\/?post_type=product&#038;p=58995"},"modified":"2025-07-18T04:09:38","modified_gmt":"2025-07-18T04:09:38","slug":"bordlampi-2","status":"publish","type":"product","link":"https:\/\/ilmoliulampar.is\/en_gb\/product\/bordlampi-2\/","title":{"rendered":"Bor\u00f0lampi"},"content":{"rendered":"","protected":false},"excerpt":{"rendered":"<p>Mj\u00f6g fallegur bor\u00f0lampi fr\u00e1 Elements<\/p>\n<p>\u00c1 &#8211; j\u00e1rn &#8211; gler &#8211; led<\/p>\n<p>St\u00e6r\u00f0: H\u00e6\u00f0 460mm &#8211; Breidd 280mm &#8211; d\u00fdpt 185mm<\/p>","protected":false},"featured_media":58996,"comment_status":"open","ping_status":"closed","template":"","meta":[],"product_brand":[],"product_cat":[226],"product_tag":[],"class_list":{"0":"post-58995","1":"product","2":"type-product","3":"status-publish","4":"has-post-thumbnail","6":"product_cat-fronsku-ljosin-2","8":"first","9":"outofstock","10":"shipping-taxable","11":"purchasable","12":"product-type-simple"},"_links":{"self":[{"href":"https:\/\/ilmoliulampar.is\/en_gb\/wp-json\/wp\/v2\/product\/58995","targetHints":{"allow":["GET"]}}],"collection":[{"href":"https:\/\/ilmoliulampar.is\/en_gb\/wp-json\/wp\/v2\/product"}],"about":[{"href":"https:\/\/ilmoliulampar.is\/en_gb\/wp-json\/wp\/v2\/types\/product"}],"replies":[{"embeddable":true,"href":"https:\/\/ilmoliulampar.is\/en_gb\/wp-json\/wp\/v2\/comments?post=58995"}],"wp:featuredmedia":[{"embeddable":true,"href":"https:\/\/ilmoliulampar.is\/en_gb\/wp-json\/wp\/v2\/media\/58996"}],"wp:attachment":[{"href":"https:\/\/ilmoliulampar.is\/en_gb\/wp-json\/wp\/v2\/media?parent=58995"}],"wp:term":[{"taxonomy":"product_brand","embeddable":true,"href":"https:\/\/ilmoliulampar.is\/en_gb\/wp-json\/wp\/v2\/product_brand?post=58995"},{"taxonomy":"product_cat","embeddable":true,"href":"https:\/\/ilmoliulampar.is\/en_gb\/wp-json\/wp\/v2\/product_cat?post=58995"},{"taxonomy":"product_tag","embeddable":true,"href":"https:\/\/ilmoliulampar.is\/en_gb\/wp-json\/wp\/v2\/product_tag?post=58995"}],"curies":[{"name":"wp","href":"https:\/\/api.w.org\/{rel}","templated":true}]}}