{"id":58997,"date":"2024-02-22T11:57:08","date_gmt":"2024-02-22T11:57:08","guid":{"rendered":"https:\/\/ilmoliulampar.is\/?post_type=product&#038;p=58997"},"modified":"2024-10-29T13:14:32","modified_gmt":"2024-10-29T13:14:32","slug":"olga-loftljos","status":"publish","type":"product","link":"https:\/\/ilmoliulampar.is\/en_gb\/product\/olga-loftljos\/","title":{"rendered":"Olga loftlj\u00f3s"},"content":{"rendered":"","protected":false},"excerpt":{"rendered":"<p>Mj\u00f6g fallegt loftlj\u00f3s fr\u00e1 Elements.<\/p>\n<p>\u00c1l &#8211; j\u00e1rn &#8211; gler &#8211; led<\/p>\n<p>Glerk\u00falan sj\u00e1lf er um 200mm &#8211; Kapall 600mm<\/p>","protected":false},"featured_media":58998,"comment_status":"open","ping_status":"closed","template":"","meta":[],"product_brand":[],"product_cat":[226],"product_tag":[],"class_list":{"0":"post-58997","1":"product","2":"type-product","3":"status-publish","4":"has-post-thumbnail","6":"product_cat-fronsku-ljosin-2","8":"first","9":"instock","10":"shipping-taxable","11":"purchasable","12":"product-type-simple"},"_links":{"self":[{"href":"https:\/\/ilmoliulampar.is\/en_gb\/wp-json\/wp\/v2\/product\/58997","targetHints":{"allow":["GET"]}}],"collection":[{"href":"https:\/\/ilmoliulampar.is\/en_gb\/wp-json\/wp\/v2\/product"}],"about":[{"href":"https:\/\/ilmoliulampar.is\/en_gb\/wp-json\/wp\/v2\/types\/product"}],"replies":[{"embeddable":true,"href":"https:\/\/ilmoliulampar.is\/en_gb\/wp-json\/wp\/v2\/comments?post=58997"}],"wp:featuredmedia":[{"embeddable":true,"href":"https:\/\/ilmoliulampar.is\/en_gb\/wp-json\/wp\/v2\/media\/58998"}],"wp:attachment":[{"href":"https:\/\/ilmoliulampar.is\/en_gb\/wp-json\/wp\/v2\/media?parent=58997"}],"wp:term":[{"taxonomy":"product_brand","embeddable":true,"href":"https:\/\/ilmoliulampar.is\/en_gb\/wp-json\/wp\/v2\/product_brand?post=58997"},{"taxonomy":"product_cat","embeddable":true,"href":"https:\/\/ilmoliulampar.is\/en_gb\/wp-json\/wp\/v2\/product_cat?post=58997"},{"taxonomy":"product_tag","embeddable":true,"href":"https:\/\/ilmoliulampar.is\/en_gb\/wp-json\/wp\/v2\/product_tag?post=58997"}],"curies":[{"name":"wp","href":"https:\/\/api.w.org\/{rel}","templated":true}]}}