{"id":59004,"date":"2024-02-22T23:16:07","date_gmt":"2024-02-22T23:16:07","guid":{"rendered":"https:\/\/ilmoliulampar.is\/?post_type=product&#038;p=59004"},"modified":"2024-10-01T23:11:45","modified_gmt":"2024-10-01T23:11:45","slug":"grace-07","status":"publish","type":"product","link":"https:\/\/ilmoliulampar.is\/en_gb\/product\/grace-07\/","title":{"rendered":"GRACE 07"},"content":{"rendered":"","protected":false},"excerpt":{"rendered":"<p>Einst\u00f6k lj\u00f3sakr\u00f3na fr\u00e1 Elements &#8211; St\u00f3r gylltur platti \u00ed loftinu og \u00far honum hanga 7 Grace lj\u00f3s, b\u00e6\u00f0i st\u00e6rri og minni k\u00faplarnir.<\/p>\n<p>\u00c1l &#8211; j\u00e1rn &#8211; gler &#8211; led \u00a0 \u00a0 \u00a0 \u00a0Kapallengdin \u00e1 hverju lj\u00f3si er 2 metrar, getur stillt \u00feau \u00f6ll \u00ed mismundandi h\u00e6\u00f0ir.<\/p>\n<p>Svona lj\u00f3sakr\u00f3nu s\u00e9r\u00f0 \u00fe\u00fa ekki \u00e1 hverju str\u00e1i.<\/p>","protected":false},"featured_media":59005,"comment_status":"open","ping_status":"closed","template":"","meta":[],"product_brand":[],"product_cat":[226],"product_tag":[],"class_list":{"0":"post-59004","1":"product","2":"type-product","3":"status-publish","4":"has-post-thumbnail","6":"product_cat-fronsku-ljosin-2","7":"product_shipping_class-stor-vara","9":"first","10":"instock","11":"shipping-taxable","12":"purchasable","13":"product-type-simple"},"_links":{"self":[{"href":"https:\/\/ilmoliulampar.is\/en_gb\/wp-json\/wp\/v2\/product\/59004","targetHints":{"allow":["GET"]}}],"collection":[{"href":"https:\/\/ilmoliulampar.is\/en_gb\/wp-json\/wp\/v2\/product"}],"about":[{"href":"https:\/\/ilmoliulampar.is\/en_gb\/wp-json\/wp\/v2\/types\/product"}],"replies":[{"embeddable":true,"href":"https:\/\/ilmoliulampar.is\/en_gb\/wp-json\/wp\/v2\/comments?post=59004"}],"wp:featuredmedia":[{"embeddable":true,"href":"https:\/\/ilmoliulampar.is\/en_gb\/wp-json\/wp\/v2\/media\/59005"}],"wp:attachment":[{"href":"https:\/\/ilmoliulampar.is\/en_gb\/wp-json\/wp\/v2\/media?parent=59004"}],"wp:term":[{"taxonomy":"product_brand","embeddable":true,"href":"https:\/\/ilmoliulampar.is\/en_gb\/wp-json\/wp\/v2\/product_brand?post=59004"},{"taxonomy":"product_cat","embeddable":true,"href":"https:\/\/ilmoliulampar.is\/en_gb\/wp-json\/wp\/v2\/product_cat?post=59004"},{"taxonomy":"product_tag","embeddable":true,"href":"https:\/\/ilmoliulampar.is\/en_gb\/wp-json\/wp\/v2\/product_tag?post=59004"}],"curies":[{"name":"wp","href":"https:\/\/api.w.org\/{rel}","templated":true}]}}