{"id":59168,"date":"2024-03-05T12:00:24","date_gmt":"2024-03-05T12:00:24","guid":{"rendered":"https:\/\/ilmoliulampar.is\/?post_type=product&#038;p=59168"},"modified":"2024-07-31T13:41:55","modified_gmt":"2024-07-31T13:41:55","slug":"revitalash-augnharabrettari","status":"publish","type":"product","link":"https:\/\/ilmoliulampar.is\/en_gb\/product\/revitalash-augnharabrettari\/","title":{"rendered":"Revitalash &#8211; Augnh\u00e1rabrettari"},"content":{"rendered":"","protected":false},"excerpt":{"rendered":"<p>Augnh\u00e1rabrettarinn fr\u00e1 Revitalash er \u00e6\u00f0islegur.<\/p>\n<p>Einaldur \u00ed notkun, \u00f6ruggur og virkar vel<\/p>","protected":false},"featured_media":59173,"comment_status":"open","ping_status":"closed","template":"","meta":[],"product_brand":[],"product_cat":[216],"product_tag":[],"class_list":{"0":"post-59168","1":"product","2":"type-product","3":"status-publish","4":"has-post-thumbnail","6":"product_cat-revitalash-2","8":"first","9":"instock","10":"shipping-taxable","11":"purchasable","12":"product-type-simple"},"_links":{"self":[{"href":"https:\/\/ilmoliulampar.is\/en_gb\/wp-json\/wp\/v2\/product\/59168","targetHints":{"allow":["GET"]}}],"collection":[{"href":"https:\/\/ilmoliulampar.is\/en_gb\/wp-json\/wp\/v2\/product"}],"about":[{"href":"https:\/\/ilmoliulampar.is\/en_gb\/wp-json\/wp\/v2\/types\/product"}],"replies":[{"embeddable":true,"href":"https:\/\/ilmoliulampar.is\/en_gb\/wp-json\/wp\/v2\/comments?post=59168"}],"wp:featuredmedia":[{"embeddable":true,"href":"https:\/\/ilmoliulampar.is\/en_gb\/wp-json\/wp\/v2\/media\/59173"}],"wp:attachment":[{"href":"https:\/\/ilmoliulampar.is\/en_gb\/wp-json\/wp\/v2\/media?parent=59168"}],"wp:term":[{"taxonomy":"product_brand","embeddable":true,"href":"https:\/\/ilmoliulampar.is\/en_gb\/wp-json\/wp\/v2\/product_brand?post=59168"},{"taxonomy":"product_cat","embeddable":true,"href":"https:\/\/ilmoliulampar.is\/en_gb\/wp-json\/wp\/v2\/product_cat?post=59168"},{"taxonomy":"product_tag","embeddable":true,"href":"https:\/\/ilmoliulampar.is\/en_gb\/wp-json\/wp\/v2\/product_tag?post=59168"}],"curies":[{"name":"wp","href":"https:\/\/api.w.org\/{rel}","templated":true}]}}