{"id":59343,"date":"2025-07-23T13:16:16","date_gmt":"2025-07-23T13:16:16","guid":{"rendered":"https:\/\/ilmoliulampar.is\/?post_type=product&#038;p=59343"},"modified":"2025-11-25T16:12:50","modified_gmt":"2025-11-25T16:12:50","slug":"stanley-skart-gull-med-stofum","status":"publish","type":"product","link":"https:\/\/ilmoliulampar.is\/en_gb\/product\/stanley-skart-gull-med-stofum\/","title":{"rendered":"Stanley Skart &#8211; Gull me\u00f0 st\u00f6fum"},"content":{"rendered":"","protected":false},"excerpt":{"rendered":"<p>Ke\u00f0jurnar eru gylltar me\u00f0 st\u00f6fum.<br \/>\nKe\u00f0jurnar passa \u00e1 hva\u00f0a br\u00fasa sem er.<\/p>\n<p>St\u00e6r\u00f0 11 cm<\/p>\n<p><img decoding=\"async\" class=\"alignnone wp-image-59372\" src=\"https:\/\/ilmoliulampar.is\/wp-content\/uploads\/2024\/03\/61OavK-UK-L._AC_SY695_-1-300x300.jpg\" alt=\"\" width=\"197\" height=\"197\" srcset=\"https:\/\/ilmoliulampar.is\/wp-content\/uploads\/2024\/03\/61OavK-UK-L._AC_SY695_-1-300x300.jpg 300w, https:\/\/ilmoliulampar.is\/wp-content\/uploads\/2024\/03\/61OavK-UK-L._AC_SY695_-1-100x100.jpg 100w, https:\/\/ilmoliulampar.is\/wp-content\/uploads\/2024\/03\/61OavK-UK-L._AC_SY695_-1-670x670.jpg 670w, https:\/\/ilmoliulampar.is\/wp-content\/uploads\/2024\/03\/61OavK-UK-L._AC_SY695_-1-150x150.jpg 150w, https:\/\/ilmoliulampar.is\/wp-content\/uploads\/2024\/03\/61OavK-UK-L._AC_SY695_-1-12x12.jpg 12w, https:\/\/ilmoliulampar.is\/wp-content\/uploads\/2024\/03\/61OavK-UK-L._AC_SY695_-1-190x190.jpg 190w, https:\/\/ilmoliulampar.is\/wp-content\/uploads\/2024\/03\/61OavK-UK-L._AC_SY695_-1-90x90.jpg 90w, https:\/\/ilmoliulampar.is\/wp-content\/uploads\/2024\/03\/61OavK-UK-L._AC_SY695_-1.jpg 695w\" sizes=\"(max-width: 197px) 100vw, 197px\" \/><\/p>","protected":false},"featured_media":59344,"comment_status":"open","ping_status":"closed","template":"","meta":[],"product_brand":[],"product_cat":[230,240],"product_tag":[],"class_list":{"0":"post-59343","1":"product","2":"type-product","3":"status-publish","4":"has-post-thumbnail","6":"product_cat-laekkadverd","7":"product_cat-stanleyaukahlutir","9":"first","10":"instock","11":"shipping-taxable","12":"purchasable","13":"product-type-variable"},"_links":{"self":[{"href":"https:\/\/ilmoliulampar.is\/en_gb\/wp-json\/wp\/v2\/product\/59343","targetHints":{"allow":["GET"]}}],"collection":[{"href":"https:\/\/ilmoliulampar.is\/en_gb\/wp-json\/wp\/v2\/product"}],"about":[{"href":"https:\/\/ilmoliulampar.is\/en_gb\/wp-json\/wp\/v2\/types\/product"}],"replies":[{"embeddable":true,"href":"https:\/\/ilmoliulampar.is\/en_gb\/wp-json\/wp\/v2\/comments?post=59343"}],"wp:featuredmedia":[{"embeddable":true,"href":"https:\/\/ilmoliulampar.is\/en_gb\/wp-json\/wp\/v2\/media\/59344"}],"wp:attachment":[{"href":"https:\/\/ilmoliulampar.is\/en_gb\/wp-json\/wp\/v2\/media?parent=59343"}],"wp:term":[{"taxonomy":"product_brand","embeddable":true,"href":"https:\/\/ilmoliulampar.is\/en_gb\/wp-json\/wp\/v2\/product_brand?post=59343"},{"taxonomy":"product_cat","embeddable":true,"href":"https:\/\/ilmoliulampar.is\/en_gb\/wp-json\/wp\/v2\/product_cat?post=59343"},{"taxonomy":"product_tag","embeddable":true,"href":"https:\/\/ilmoliulampar.is\/en_gb\/wp-json\/wp\/v2\/product_tag?post=59343"}],"curies":[{"name":"wp","href":"https:\/\/api.w.org\/{rel}","templated":true}]}}