{"id":59418,"date":"2026-01-25T15:20:10","date_gmt":"2026-01-25T15:20:10","guid":{"rendered":"https:\/\/ilmoliulampar.is\/?post_type=product&#038;p=59418"},"modified":"2026-03-25T16:37:14","modified_gmt":"2026-03-25T16:37:14","slug":"har-handblasin-amber-kertastjaki","status":"publish","type":"product","link":"https:\/\/ilmoliulampar.is\/en_gb\/product\/har-handblasin-amber-kertastjaki\/","title":{"rendered":"Handbl\u00e1sinn Amber Kertastjaki"},"content":{"rendered":"","protected":false},"excerpt":{"rendered":"<p>Fallegur &amp; vanda\u00f0ur amber handbl\u00e1sinn kertastjaki fr\u00e1 Coach House<\/p>\n<p>St\u00e6r\u00f0 :<br \/>\nH\u00e6\u00f0 36 cm<br \/>\nBreidd 11 cm<\/p>","protected":false},"featured_media":66543,"comment_status":"open","ping_status":"closed","template":"","meta":[],"product_brand":[],"product_cat":[132,246,230],"product_tag":[],"class_list":{"0":"post-59418","1":"product","2":"type-product","3":"status-publish","4":"has-post-thumbnail","6":"product_cat-heimilid-2","7":"product_cat-kertastjakar","8":"product_cat-laekkadverd","10":"first","11":"instock","12":"sale","13":"shipping-taxable","14":"purchasable","15":"product-type-simple"},"_links":{"self":[{"href":"https:\/\/ilmoliulampar.is\/en_gb\/wp-json\/wp\/v2\/product\/59418","targetHints":{"allow":["GET"]}}],"collection":[{"href":"https:\/\/ilmoliulampar.is\/en_gb\/wp-json\/wp\/v2\/product"}],"about":[{"href":"https:\/\/ilmoliulampar.is\/en_gb\/wp-json\/wp\/v2\/types\/product"}],"replies":[{"embeddable":true,"href":"https:\/\/ilmoliulampar.is\/en_gb\/wp-json\/wp\/v2\/comments?post=59418"}],"wp:featuredmedia":[{"embeddable":true,"href":"https:\/\/ilmoliulampar.is\/en_gb\/wp-json\/wp\/v2\/media\/66543"}],"wp:attachment":[{"href":"https:\/\/ilmoliulampar.is\/en_gb\/wp-json\/wp\/v2\/media?parent=59418"}],"wp:term":[{"taxonomy":"product_brand","embeddable":true,"href":"https:\/\/ilmoliulampar.is\/en_gb\/wp-json\/wp\/v2\/product_brand?post=59418"},{"taxonomy":"product_cat","embeddable":true,"href":"https:\/\/ilmoliulampar.is\/en_gb\/wp-json\/wp\/v2\/product_cat?post=59418"},{"taxonomy":"product_tag","embeddable":true,"href":"https:\/\/ilmoliulampar.is\/en_gb\/wp-json\/wp\/v2\/product_tag?post=59418"}],"curies":[{"name":"wp","href":"https:\/\/api.w.org\/{rel}","templated":true}]}}