{"id":59584,"date":"2024-04-04T14:42:28","date_gmt":"2024-04-04T14:42:28","guid":{"rendered":"https:\/\/ilmoliulampar.is\/?post_type=product&#038;p=59584"},"modified":"2026-03-28T15:46:43","modified_gmt":"2026-03-28T15:46:43","slug":"bladagrind-bord-fra-vips-friends","status":"publish","type":"product","link":"https:\/\/ilmoliulampar.is\/en_gb\/product\/bladagrind-bord-fra-vips-friends\/","title":{"rendered":"Bla\u00f0agrind\/Bor\u00f0  fr\u00e1 Vips &#038; Friends"},"content":{"rendered":"","protected":false},"excerpt":{"rendered":"<div class=\"product-details\">\n<div class=\"left-side\">\u00a0Einst\u00f6k bla\u00f0agrind fr\u00e1 belg\u00edska fyrirt\u00e6kinu Vips &amp; Friends.<\/div>\n<div class=\"left-side\">Grindin sj\u00e1lf \u00far st\u00e1li &#8211; bla\u00f0abelgurinn \u00far ekta le\u00f0ri &#8211; bor\u00f0i\u00f0 er \u00far s\u00e9rme\u00f0h\u00f6ndla\u00f0ri eik.<\/div>\n<div>\u00deetta er einstakur gripur &#8230;..<\/div>\n<div class=\"left-side\">St\u00e6r\u00f0:<\/div>\n<div class=\"left-side\">Lengd: 49 cm<\/div>\n<div class=\"left-side\">Breidd: 22 cm<\/div>\n<div class=\"left-side\">H\u00e6\u00f0: 45 cm<\/div>\n<div><\/div>\n<\/div>","protected":false},"featured_media":59586,"comment_status":"open","ping_status":"closed","template":"","meta":[],"product_brand":[],"product_cat":[247,132],"product_tag":[],"class_list":{"0":"post-59584","1":"product","2":"type-product","3":"status-publish","4":"has-post-thumbnail","6":"product_cat-bord","7":"product_cat-heimilid-2","9":"first","10":"instock","11":"shipping-taxable","12":"purchasable","13":"product-type-simple"},"_links":{"self":[{"href":"https:\/\/ilmoliulampar.is\/en_gb\/wp-json\/wp\/v2\/product\/59584","targetHints":{"allow":["GET"]}}],"collection":[{"href":"https:\/\/ilmoliulampar.is\/en_gb\/wp-json\/wp\/v2\/product"}],"about":[{"href":"https:\/\/ilmoliulampar.is\/en_gb\/wp-json\/wp\/v2\/types\/product"}],"replies":[{"embeddable":true,"href":"https:\/\/ilmoliulampar.is\/en_gb\/wp-json\/wp\/v2\/comments?post=59584"}],"wp:featuredmedia":[{"embeddable":true,"href":"https:\/\/ilmoliulampar.is\/en_gb\/wp-json\/wp\/v2\/media\/59586"}],"wp:attachment":[{"href":"https:\/\/ilmoliulampar.is\/en_gb\/wp-json\/wp\/v2\/media?parent=59584"}],"wp:term":[{"taxonomy":"product_brand","embeddable":true,"href":"https:\/\/ilmoliulampar.is\/en_gb\/wp-json\/wp\/v2\/product_brand?post=59584"},{"taxonomy":"product_cat","embeddable":true,"href":"https:\/\/ilmoliulampar.is\/en_gb\/wp-json\/wp\/v2\/product_cat?post=59584"},{"taxonomy":"product_tag","embeddable":true,"href":"https:\/\/ilmoliulampar.is\/en_gb\/wp-json\/wp\/v2\/product_tag?post=59584"}],"curies":[{"name":"wp","href":"https:\/\/api.w.org\/{rel}","templated":true}]}}