{"id":59717,"date":"2024-04-16T17:07:02","date_gmt":"2024-04-16T17:07:02","guid":{"rendered":"https:\/\/ilmoliulampar.is\/?post_type=product&#038;p=59717"},"modified":"2024-11-26T12:01:50","modified_gmt":"2024-11-26T12:01:50","slug":"ocean-herbergisudi","status":"publish","type":"product","link":"https:\/\/ilmoliulampar.is\/en_gb\/product\/ocean-herbergisudi\/","title":{"rendered":"Ocean &#8211; Herbergis\u00fa\u00f0i"},"content":{"rendered":"","protected":false},"excerpt":{"rendered":"<p>Ocean er r\u00f3andi &#8222;sj\u00e1varilmur&#8220; me\u00f0 t\u00f3n af saltvatni &amp; rekavi\u00f0 !<br \/>\nEinn af okkar upp\u00e1halds.<\/p>\n<p>100ml<\/p>","protected":false},"featured_media":59718,"comment_status":"open","ping_status":"closed","template":"","meta":[],"product_brand":[],"product_cat":[207,230],"product_tag":[],"class_list":{"0":"post-59717","1":"product","2":"type-product","3":"status-publish","4":"has-post-thumbnail","6":"product_cat-herbergisudar-koddasprey-2","7":"product_cat-laekkadverd","9":"first","10":"instock","11":"sale","12":"shipping-taxable","13":"purchasable","14":"product-type-simple"},"_links":{"self":[{"href":"https:\/\/ilmoliulampar.is\/en_gb\/wp-json\/wp\/v2\/product\/59717","targetHints":{"allow":["GET"]}}],"collection":[{"href":"https:\/\/ilmoliulampar.is\/en_gb\/wp-json\/wp\/v2\/product"}],"about":[{"href":"https:\/\/ilmoliulampar.is\/en_gb\/wp-json\/wp\/v2\/types\/product"}],"replies":[{"embeddable":true,"href":"https:\/\/ilmoliulampar.is\/en_gb\/wp-json\/wp\/v2\/comments?post=59717"}],"wp:featuredmedia":[{"embeddable":true,"href":"https:\/\/ilmoliulampar.is\/en_gb\/wp-json\/wp\/v2\/media\/59718"}],"wp:attachment":[{"href":"https:\/\/ilmoliulampar.is\/en_gb\/wp-json\/wp\/v2\/media?parent=59717"}],"wp:term":[{"taxonomy":"product_brand","embeddable":true,"href":"https:\/\/ilmoliulampar.is\/en_gb\/wp-json\/wp\/v2\/product_brand?post=59717"},{"taxonomy":"product_cat","embeddable":true,"href":"https:\/\/ilmoliulampar.is\/en_gb\/wp-json\/wp\/v2\/product_cat?post=59717"},{"taxonomy":"product_tag","embeddable":true,"href":"https:\/\/ilmoliulampar.is\/en_gb\/wp-json\/wp\/v2\/product_tag?post=59717"}],"curies":[{"name":"wp","href":"https:\/\/api.w.org\/{rel}","templated":true}]}}