{"id":59719,"date":"2024-04-16T17:09:38","date_gmt":"2024-04-16T17:09:38","guid":{"rendered":"https:\/\/ilmoliulampar.is\/?post_type=product&#038;p=59719"},"modified":"2024-11-26T12:01:35","modified_gmt":"2024-11-26T12:01:35","slug":"marrakesh-herbergisudi","status":"publish","type":"product","link":"https:\/\/ilmoliulampar.is\/en_gb\/product\/marrakesh-herbergisudi\/","title":{"rendered":"Marrakesh &#8211; Herbergis\u00fa\u00f0i"},"content":{"rendered":"","protected":false},"excerpt":{"rendered":"<p>Marrakesh er vel heppnu\u00f0 blanda af kryddi og ferskum \u00e1v\u00f6xtum<br \/>\nLitr\u00edk og skemmtileg lykt.<\/p>\n<p>100 ml<\/p>","protected":false},"featured_media":59720,"comment_status":"open","ping_status":"closed","template":"","meta":[],"product_brand":[],"product_cat":[207,230],"product_tag":[],"class_list":{"0":"post-59719","1":"product","2":"type-product","3":"status-publish","4":"has-post-thumbnail","6":"product_cat-herbergisudar-koddasprey-2","7":"product_cat-laekkadverd","9":"first","10":"instock","11":"sale","12":"shipping-taxable","13":"purchasable","14":"product-type-simple"},"_links":{"self":[{"href":"https:\/\/ilmoliulampar.is\/en_gb\/wp-json\/wp\/v2\/product\/59719","targetHints":{"allow":["GET"]}}],"collection":[{"href":"https:\/\/ilmoliulampar.is\/en_gb\/wp-json\/wp\/v2\/product"}],"about":[{"href":"https:\/\/ilmoliulampar.is\/en_gb\/wp-json\/wp\/v2\/types\/product"}],"replies":[{"embeddable":true,"href":"https:\/\/ilmoliulampar.is\/en_gb\/wp-json\/wp\/v2\/comments?post=59719"}],"wp:featuredmedia":[{"embeddable":true,"href":"https:\/\/ilmoliulampar.is\/en_gb\/wp-json\/wp\/v2\/media\/59720"}],"wp:attachment":[{"href":"https:\/\/ilmoliulampar.is\/en_gb\/wp-json\/wp\/v2\/media?parent=59719"}],"wp:term":[{"taxonomy":"product_brand","embeddable":true,"href":"https:\/\/ilmoliulampar.is\/en_gb\/wp-json\/wp\/v2\/product_brand?post=59719"},{"taxonomy":"product_cat","embeddable":true,"href":"https:\/\/ilmoliulampar.is\/en_gb\/wp-json\/wp\/v2\/product_cat?post=59719"},{"taxonomy":"product_tag","embeddable":true,"href":"https:\/\/ilmoliulampar.is\/en_gb\/wp-json\/wp\/v2\/product_tag?post=59719"}],"curies":[{"name":"wp","href":"https:\/\/api.w.org\/{rel}","templated":true}]}}