{"id":59734,"date":"2024-04-17T11:43:12","date_gmt":"2024-04-17T11:43:12","guid":{"rendered":"https:\/\/ilmoliulampar.is\/?post_type=product&#038;p=59734"},"modified":"2025-11-10T12:42:57","modified_gmt":"2025-11-10T12:42:57","slug":"extra-large-marrakesh-ilmstangir-22-litrar","status":"publish","type":"product","link":"https:\/\/ilmoliulampar.is\/en_gb\/product\/extra-large-marrakesh-ilmstangir-22-litrar\/","title":{"rendered":"Extra Large Marrakesh ilmstangir &#8211; 2,2 L\u00cdTRAR"},"content":{"rendered":"","protected":false},"excerpt":{"rendered":"<p>Marrakesh er vel heppnu\u00f0 blanda af kryddi og ferskum \u00e1v\u00f6xtum<br \/>\nLitr\u00edk og skemmtileg lykt.<\/p>\n<p>2,2 L\u00edtrar<\/p>","protected":false},"featured_media":59735,"comment_status":"open","ping_status":"closed","template":"","meta":[],"product_brand":[],"product_cat":[200,267,230,121],"product_tag":[],"class_list":{"0":"post-59734","1":"product","2":"type-product","3":"status-publish","4":"has-post-thumbnail","6":"product_cat-ilmstangir-oliur","7":"product_cat-konudagurinn","8":"product_cat-laekkadverd","9":"product_cat-tilbod-adrar-vorur","11":"first","12":"instock","13":"sale","14":"shipping-taxable","15":"purchasable","16":"product-type-simple"},"_links":{"self":[{"href":"https:\/\/ilmoliulampar.is\/en_gb\/wp-json\/wp\/v2\/product\/59734","targetHints":{"allow":["GET"]}}],"collection":[{"href":"https:\/\/ilmoliulampar.is\/en_gb\/wp-json\/wp\/v2\/product"}],"about":[{"href":"https:\/\/ilmoliulampar.is\/en_gb\/wp-json\/wp\/v2\/types\/product"}],"replies":[{"embeddable":true,"href":"https:\/\/ilmoliulampar.is\/en_gb\/wp-json\/wp\/v2\/comments?post=59734"}],"wp:featuredmedia":[{"embeddable":true,"href":"https:\/\/ilmoliulampar.is\/en_gb\/wp-json\/wp\/v2\/media\/59735"}],"wp:attachment":[{"href":"https:\/\/ilmoliulampar.is\/en_gb\/wp-json\/wp\/v2\/media?parent=59734"}],"wp:term":[{"taxonomy":"product_brand","embeddable":true,"href":"https:\/\/ilmoliulampar.is\/en_gb\/wp-json\/wp\/v2\/product_brand?post=59734"},{"taxonomy":"product_cat","embeddable":true,"href":"https:\/\/ilmoliulampar.is\/en_gb\/wp-json\/wp\/v2\/product_cat?post=59734"},{"taxonomy":"product_tag","embeddable":true,"href":"https:\/\/ilmoliulampar.is\/en_gb\/wp-json\/wp\/v2\/product_tag?post=59734"}],"curies":[{"name":"wp","href":"https:\/\/api.w.org\/{rel}","templated":true}]}}