{"id":59741,"date":"2024-04-17T11:49:19","date_gmt":"2024-04-17T11:49:19","guid":{"rendered":"https:\/\/ilmoliulampar.is\/?post_type=product&#038;p=59741"},"modified":"2026-04-21T11:59:29","modified_gmt":"2026-04-21T11:59:29","slug":"extra-large-onyx-ilmstangir-22-litrar","status":"publish","type":"product","link":"https:\/\/ilmoliulampar.is\/en_gb\/product\/extra-large-onyx-ilmstangir-22-litrar\/","title":{"rendered":"Extra Large Onyx ilmstangir &#8211; 2,2 L\u00cdTRAR"},"content":{"rendered":"","protected":false},"excerpt":{"rendered":"<p>Onyx Alang Alang er r\u00f3andi ilmur sem fer me\u00f0 \u00feig \u00ed \u201efr\u00ed\u201c<br \/>\n\u00c1 \u201ePure Island\u201c eyju , \u00fear sem \u00fe\u00fa finnur lyktina af s\u00f3linni &amp; hafinu .<\/p>\n<p>2,2 L\u00edtrar<\/p>","protected":false},"featured_media":59742,"comment_status":"open","ping_status":"closed","template":"","meta":[],"product_brand":[],"product_cat":[200,230,121],"product_tag":[],"class_list":{"0":"post-59741","1":"product","2":"type-product","3":"status-publish","4":"has-post-thumbnail","6":"product_cat-ilmstangir-oliur","7":"product_cat-laekkadverd","8":"product_cat-tilbod-adrar-vorur","10":"first","11":"outofstock","12":"sale","13":"shipping-taxable","14":"purchasable","15":"product-type-simple"},"_links":{"self":[{"href":"https:\/\/ilmoliulampar.is\/en_gb\/wp-json\/wp\/v2\/product\/59741","targetHints":{"allow":["GET"]}}],"collection":[{"href":"https:\/\/ilmoliulampar.is\/en_gb\/wp-json\/wp\/v2\/product"}],"about":[{"href":"https:\/\/ilmoliulampar.is\/en_gb\/wp-json\/wp\/v2\/types\/product"}],"replies":[{"embeddable":true,"href":"https:\/\/ilmoliulampar.is\/en_gb\/wp-json\/wp\/v2\/comments?post=59741"}],"wp:featuredmedia":[{"embeddable":true,"href":"https:\/\/ilmoliulampar.is\/en_gb\/wp-json\/wp\/v2\/media\/59742"}],"wp:attachment":[{"href":"https:\/\/ilmoliulampar.is\/en_gb\/wp-json\/wp\/v2\/media?parent=59741"}],"wp:term":[{"taxonomy":"product_brand","embeddable":true,"href":"https:\/\/ilmoliulampar.is\/en_gb\/wp-json\/wp\/v2\/product_brand?post=59741"},{"taxonomy":"product_cat","embeddable":true,"href":"https:\/\/ilmoliulampar.is\/en_gb\/wp-json\/wp\/v2\/product_cat?post=59741"},{"taxonomy":"product_tag","embeddable":true,"href":"https:\/\/ilmoliulampar.is\/en_gb\/wp-json\/wp\/v2\/product_tag?post=59741"}],"curies":[{"name":"wp","href":"https:\/\/api.w.org\/{rel}","templated":true}]}}