{"id":59743,"date":"2024-04-17T11:52:21","date_gmt":"2024-04-17T11:52:21","guid":{"rendered":"https:\/\/ilmoliulampar.is\/?post_type=product&#038;p=59743"},"modified":"2025-11-10T12:44:12","modified_gmt":"2025-11-10T12:44:12","slug":"extra-large-ocean-ilmstangir-22-litrar","status":"publish","type":"product","link":"https:\/\/ilmoliulampar.is\/en_gb\/product\/extra-large-ocean-ilmstangir-22-litrar\/","title":{"rendered":"Extra Large Ocean ilmstangir &#8211; 2,2 L\u00cdTRAR"},"content":{"rendered":"","protected":false},"excerpt":{"rendered":"<p>Ocean er r\u00f3andi \u201esj\u00e1varilmur\u201c me\u00f0 t\u00f3n af saltvatni &amp; rekavi\u00f0 !<br \/>\nEinn af okkar upp\u00e1halds.<\/p>\n<p>2,2 L\u00edtrar<\/p>","protected":false},"featured_media":59744,"comment_status":"open","ping_status":"closed","template":"","meta":[],"product_brand":[],"product_cat":[200,230,121],"product_tag":[],"class_list":{"0":"post-59743","1":"product","2":"type-product","3":"status-publish","4":"has-post-thumbnail","6":"product_cat-ilmstangir-oliur","7":"product_cat-laekkadverd","8":"product_cat-tilbod-adrar-vorur","10":"first","11":"instock","12":"sale","13":"shipping-taxable","14":"purchasable","15":"product-type-simple"},"_links":{"self":[{"href":"https:\/\/ilmoliulampar.is\/en_gb\/wp-json\/wp\/v2\/product\/59743","targetHints":{"allow":["GET"]}}],"collection":[{"href":"https:\/\/ilmoliulampar.is\/en_gb\/wp-json\/wp\/v2\/product"}],"about":[{"href":"https:\/\/ilmoliulampar.is\/en_gb\/wp-json\/wp\/v2\/types\/product"}],"replies":[{"embeddable":true,"href":"https:\/\/ilmoliulampar.is\/en_gb\/wp-json\/wp\/v2\/comments?post=59743"}],"wp:featuredmedia":[{"embeddable":true,"href":"https:\/\/ilmoliulampar.is\/en_gb\/wp-json\/wp\/v2\/media\/59744"}],"wp:attachment":[{"href":"https:\/\/ilmoliulampar.is\/en_gb\/wp-json\/wp\/v2\/media?parent=59743"}],"wp:term":[{"taxonomy":"product_brand","embeddable":true,"href":"https:\/\/ilmoliulampar.is\/en_gb\/wp-json\/wp\/v2\/product_brand?post=59743"},{"taxonomy":"product_cat","embeddable":true,"href":"https:\/\/ilmoliulampar.is\/en_gb\/wp-json\/wp\/v2\/product_cat?post=59743"},{"taxonomy":"product_tag","embeddable":true,"href":"https:\/\/ilmoliulampar.is\/en_gb\/wp-json\/wp\/v2\/product_tag?post=59743"}],"curies":[{"name":"wp","href":"https:\/\/api.w.org\/{rel}","templated":true}]}}