{"id":59770,"date":"2024-04-19T16:12:39","date_gmt":"2024-04-19T16:12:39","guid":{"rendered":"https:\/\/ilmoliulampar.is\/?post_type=product&#038;p=59770"},"modified":"2025-11-10T15:06:27","modified_gmt":"2025-11-10T15:06:27","slug":"self-care-ilmkjarnaoliu-pakki","status":"publish","type":"product","link":"https:\/\/ilmoliulampar.is\/en_gb\/product\/self-care-ilmkjarnaoliu-pakki\/","title":{"rendered":"Super Self-Care ilmkjarnaol\u00edupakki &#8211; Made by Zen"},"content":{"rendered":"","protected":false},"excerpt":{"rendered":"<p>Self care er pakki me\u00f0 4 100% hreinum ilmkjarnaol\u00fam S\u00e9rstaklega hanna\u00f0ar til a huga a\u00f0 sj\u00e1fum s\u00e9r.<br \/>\nSuper l\u00ednaner sett saman af 5 fr\u00e6gustu Aromatheropistum \u00ed heiminum.<br \/>\nInniheldur Super Sleep &#8211; Super Focus &#8211; Super Breath &amp; Super Detox.<\/p>\n<p>&nbsp;<\/p>\n<p>&nbsp;<\/p>","protected":false},"featured_media":59771,"comment_status":"open","ping_status":"closed","template":"","meta":[],"product_brand":[],"product_cat":[224,198],"product_tag":[],"class_list":{"0":"post-59770","1":"product","2":"type-product","3":"status-publish","4":"has-post-thumbnail","6":"product_cat-ilmkjarnaoliur-oliur","7":"product_cat-ilmoliutilbod-oliur","9":"first","10":"instock","11":"shipping-taxable","12":"purchasable","13":"product-type-simple"},"_links":{"self":[{"href":"https:\/\/ilmoliulampar.is\/en_gb\/wp-json\/wp\/v2\/product\/59770","targetHints":{"allow":["GET"]}}],"collection":[{"href":"https:\/\/ilmoliulampar.is\/en_gb\/wp-json\/wp\/v2\/product"}],"about":[{"href":"https:\/\/ilmoliulampar.is\/en_gb\/wp-json\/wp\/v2\/types\/product"}],"replies":[{"embeddable":true,"href":"https:\/\/ilmoliulampar.is\/en_gb\/wp-json\/wp\/v2\/comments?post=59770"}],"wp:featuredmedia":[{"embeddable":true,"href":"https:\/\/ilmoliulampar.is\/en_gb\/wp-json\/wp\/v2\/media\/59771"}],"wp:attachment":[{"href":"https:\/\/ilmoliulampar.is\/en_gb\/wp-json\/wp\/v2\/media?parent=59770"}],"wp:term":[{"taxonomy":"product_brand","embeddable":true,"href":"https:\/\/ilmoliulampar.is\/en_gb\/wp-json\/wp\/v2\/product_brand?post=59770"},{"taxonomy":"product_cat","embeddable":true,"href":"https:\/\/ilmoliulampar.is\/en_gb\/wp-json\/wp\/v2\/product_cat?post=59770"},{"taxonomy":"product_tag","embeddable":true,"href":"https:\/\/ilmoliulampar.is\/en_gb\/wp-json\/wp\/v2\/product_tag?post=59770"}],"curies":[{"name":"wp","href":"https:\/\/api.w.org\/{rel}","templated":true}]}}