{"id":59773,"date":"2024-04-19T16:17:57","date_gmt":"2024-04-19T16:17:57","guid":{"rendered":"https:\/\/ilmoliulampar.is\/?post_type=product&#038;p=59773"},"modified":"2026-01-27T13:21:43","modified_gmt":"2026-01-27T13:21:43","slug":"sea-mist-kerti","status":"publish","type":"product","link":"https:\/\/ilmoliulampar.is\/en_gb\/product\/sea-mist-kerti\/","title":{"rendered":"Sea Mist &#8211; ilmkerti"},"content":{"rendered":"","protected":false},"excerpt":{"rendered":"<p>Made by Zen kertin eru handger\u00f0 l\u00faxus kerti sem duga vel og lengi.<br \/>\nSea Mist er mj\u00f6g ferskur og g\u00f3\u00f0ur ilmur af amalfi appels\u00ednubl\u00f3mi, garden\u00edu, liljum, piparmintu &amp; hl\u00fdjum amber.<\/p>\n<p>Brennslut\u00edmi allt a\u00f0 45 klukkustundir<\/p>","protected":false},"featured_media":59774,"comment_status":"open","ping_status":"closed","template":"","meta":[],"product_brand":[],"product_cat":[124,201,180,125,203],"product_tag":[],"class_list":{"0":"post-59773","1":"product","2":"type-product","3":"status-publish","4":"has-post-thumbnail","6":"product_cat-ilmkerti","7":"product_cat-ilmkerti-2","8":"product_cat-ilmvorur","9":"product_cat-llmkerti-sprey","10":"product_cat-made-by-zen-llmkerti-sprey-2","12":"first","13":"instock","14":"shipping-taxable","15":"purchasable","16":"product-type-simple"},"_links":{"self":[{"href":"https:\/\/ilmoliulampar.is\/en_gb\/wp-json\/wp\/v2\/product\/59773","targetHints":{"allow":["GET"]}}],"collection":[{"href":"https:\/\/ilmoliulampar.is\/en_gb\/wp-json\/wp\/v2\/product"}],"about":[{"href":"https:\/\/ilmoliulampar.is\/en_gb\/wp-json\/wp\/v2\/types\/product"}],"replies":[{"embeddable":true,"href":"https:\/\/ilmoliulampar.is\/en_gb\/wp-json\/wp\/v2\/comments?post=59773"}],"wp:featuredmedia":[{"embeddable":true,"href":"https:\/\/ilmoliulampar.is\/en_gb\/wp-json\/wp\/v2\/media\/59774"}],"wp:attachment":[{"href":"https:\/\/ilmoliulampar.is\/en_gb\/wp-json\/wp\/v2\/media?parent=59773"}],"wp:term":[{"taxonomy":"product_brand","embeddable":true,"href":"https:\/\/ilmoliulampar.is\/en_gb\/wp-json\/wp\/v2\/product_brand?post=59773"},{"taxonomy":"product_cat","embeddable":true,"href":"https:\/\/ilmoliulampar.is\/en_gb\/wp-json\/wp\/v2\/product_cat?post=59773"},{"taxonomy":"product_tag","embeddable":true,"href":"https:\/\/ilmoliulampar.is\/en_gb\/wp-json\/wp\/v2\/product_tag?post=59773"}],"curies":[{"name":"wp","href":"https:\/\/api.w.org\/{rel}","templated":true}]}}