{"id":59777,"date":"2024-04-19T16:22:30","date_gmt":"2024-04-19T16:22:30","guid":{"rendered":"https:\/\/ilmoliulampar.is\/?post_type=product&#038;p=59777"},"modified":"2025-12-04T14:45:15","modified_gmt":"2025-12-04T14:45:15","slug":"fresh-linen-ilmkerti","status":"publish","type":"product","link":"https:\/\/ilmoliulampar.is\/en_gb\/product\/fresh-linen-ilmkerti\/","title":{"rendered":"Fresh Linen &#8211; ilmkerti"},"content":{"rendered":"","protected":false},"excerpt":{"rendered":"<p>Einstaklega vanda\u00f0\u00a0 ilmkerti, handgert \u00e1 \u00cdtal\u00edu, me\u00f0 vins\u00e6la ilminum okkar Fresh Linen sem er l\u00e9ttur og uppl\u00edfgandi ilmur af fersku og hreinu l\u00edni sem \u00feornar \u00ed s\u00f3linni. Fr\u00edskandi blanda af tuberose, liljum, appels\u00ednubl\u00f3mum, eik og \u00e1v\u00f6xtum me\u00f0 keim af hl\u00fdjum amber<\/p>\n<p>Kertin eru ger\u00f0 \u00far 100% n\u00e1tt\u00farulegu vaxi og kerta\u00fer\u00e1\u00f0urinn er \u00far l\u00edfr\u00e6nni b\u00f3mull.<\/p>\n<p>Fresh Linen ilmkerti\u00f0 kemur \u00ed fallegum umb\u00fa\u00f0um og er \u00fev\u00ed tilvalin t\u00e6kif\u00e6risgj\u00f6f.<\/p>\n<p>Dugar \u00ed allt a\u00f0 45 klst<\/p>","protected":false},"featured_media":59778,"comment_status":"open","ping_status":"closed","template":"","meta":[],"product_brand":[],"product_cat":[201,202],"product_tag":[],"class_list":{"0":"post-59777","1":"product","2":"type-product","3":"status-publish","4":"has-post-thumbnail","6":"product_cat-ilmkerti-2","7":"product_cat-llmkerti-sprey-2","9":"first","10":"instock","11":"shipping-taxable","12":"purchasable","13":"product-type-simple"},"_links":{"self":[{"href":"https:\/\/ilmoliulampar.is\/en_gb\/wp-json\/wp\/v2\/product\/59777","targetHints":{"allow":["GET"]}}],"collection":[{"href":"https:\/\/ilmoliulampar.is\/en_gb\/wp-json\/wp\/v2\/product"}],"about":[{"href":"https:\/\/ilmoliulampar.is\/en_gb\/wp-json\/wp\/v2\/types\/product"}],"replies":[{"embeddable":true,"href":"https:\/\/ilmoliulampar.is\/en_gb\/wp-json\/wp\/v2\/comments?post=59777"}],"wp:featuredmedia":[{"embeddable":true,"href":"https:\/\/ilmoliulampar.is\/en_gb\/wp-json\/wp\/v2\/media\/59778"}],"wp:attachment":[{"href":"https:\/\/ilmoliulampar.is\/en_gb\/wp-json\/wp\/v2\/media?parent=59777"}],"wp:term":[{"taxonomy":"product_brand","embeddable":true,"href":"https:\/\/ilmoliulampar.is\/en_gb\/wp-json\/wp\/v2\/product_brand?post=59777"},{"taxonomy":"product_cat","embeddable":true,"href":"https:\/\/ilmoliulampar.is\/en_gb\/wp-json\/wp\/v2\/product_cat?post=59777"},{"taxonomy":"product_tag","embeddable":true,"href":"https:\/\/ilmoliulampar.is\/en_gb\/wp-json\/wp\/v2\/product_tag?post=59777"}],"curies":[{"name":"wp","href":"https:\/\/api.w.org\/{rel}","templated":true}]}}