{"id":59780,"date":"2024-04-19T16:45:27","date_gmt":"2024-04-19T16:45:27","guid":{"rendered":"https:\/\/ilmoliulampar.is\/?post_type=product&#038;p=59780"},"modified":"2025-11-10T15:06:24","modified_gmt":"2025-11-10T15:06:24","slug":"nature-collection-ilmoliu-pakki","status":"publish","type":"product","link":"https:\/\/ilmoliulampar.is\/en_gb\/product\/nature-collection-ilmoliu-pakki\/","title":{"rendered":"NATURE COLLECTION ilmol\u00edupakki &#8211; Made by Zen"},"content":{"rendered":"","protected":false},"excerpt":{"rendered":"<p>Made by Zen pakki sem minnir \u00e1 n\u00e1tt\u00faruna.<\/p>\n<p>\u00ed \u00feessum pakka eru fj\u00f3rar ilmol\u00edur.<br \/>\nFresh Mint &amp; Grapefruit &#8211; Monsoon &#8211; Moroccan Rose &#8211; Sea mist<\/p>","protected":false},"featured_media":59781,"comment_status":"open","ping_status":"closed","template":"","meta":[],"product_brand":[],"product_cat":[109,195,115,141,209],"product_tag":[],"class_list":{"0":"post-59780","1":"product","2":"type-product","3":"status-publish","4":"has-post-thumbnail","6":"product_cat-ilmoliur","7":"product_cat-ilmoliur-oliur","8":"product_cat-ilmoliutilbod","9":"product_cat-nyjar-oliur","10":"product_cat-nyjar-oliur-oliur","12":"first","13":"instock","14":"shipping-taxable","15":"purchasable","16":"product-type-simple"},"_links":{"self":[{"href":"https:\/\/ilmoliulampar.is\/en_gb\/wp-json\/wp\/v2\/product\/59780","targetHints":{"allow":["GET"]}}],"collection":[{"href":"https:\/\/ilmoliulampar.is\/en_gb\/wp-json\/wp\/v2\/product"}],"about":[{"href":"https:\/\/ilmoliulampar.is\/en_gb\/wp-json\/wp\/v2\/types\/product"}],"replies":[{"embeddable":true,"href":"https:\/\/ilmoliulampar.is\/en_gb\/wp-json\/wp\/v2\/comments?post=59780"}],"wp:featuredmedia":[{"embeddable":true,"href":"https:\/\/ilmoliulampar.is\/en_gb\/wp-json\/wp\/v2\/media\/59781"}],"wp:attachment":[{"href":"https:\/\/ilmoliulampar.is\/en_gb\/wp-json\/wp\/v2\/media?parent=59780"}],"wp:term":[{"taxonomy":"product_brand","embeddable":true,"href":"https:\/\/ilmoliulampar.is\/en_gb\/wp-json\/wp\/v2\/product_brand?post=59780"},{"taxonomy":"product_cat","embeddable":true,"href":"https:\/\/ilmoliulampar.is\/en_gb\/wp-json\/wp\/v2\/product_cat?post=59780"},{"taxonomy":"product_tag","embeddable":true,"href":"https:\/\/ilmoliulampar.is\/en_gb\/wp-json\/wp\/v2\/product_tag?post=59780"}],"curies":[{"name":"wp","href":"https:\/\/api.w.org\/{rel}","templated":true}]}}