{"id":59812,"date":"2024-04-23T11:43:28","date_gmt":"2024-04-23T11:43:28","guid":{"rendered":"https:\/\/ilmoliulampar.is\/?post_type=product&#038;p=59812"},"modified":"2026-03-11T08:54:29","modified_gmt":"2026-03-11T08:54:29","slug":"louis-vuitton-california-dream-ilmolia","status":"publish","type":"product","link":"https:\/\/ilmoliulampar.is\/en_gb\/product\/louis-vuitton-california-dream-ilmolia\/","title":{"rendered":"CALIFORNIA DREAM &#8211; LOUIS VUITTON"},"content":{"rendered":"","protected":false},"excerpt":{"rendered":"<p>\u00deessi lykt er n\u00e1kv\u00e6mlega eins og af ilmvatninu<\/p>\n<p>Conveying the enchantment of a sunset, California Dream holds on to this special emotion, prolonging the happiness of a summer day in those last moments of daylight. To capture the visual marvel that is a setting sun, this composition begins with notes of energetic mandarin and warm musks, leading way to balmy vanilla-tinged benzoin.<br \/>\n10 ml glas.<\/p>\n<p>(Ath. um er a\u00f0 r\u00e6\u00f0a ilmol\u00edu, myndin er notu\u00f0 til \u00feess a\u00f0 l\u00fdsa ilminum sem \u00e1tt er vi\u00f0)<\/p>","protected":false},"featured_media":59813,"comment_status":"open","ping_status":"closed","template":"","meta":[],"product_brand":[],"product_cat":[195,209],"product_tag":[],"class_list":{"0":"post-59812","1":"product","2":"type-product","3":"status-publish","4":"has-post-thumbnail","6":"product_cat-ilmoliur-oliur","7":"product_cat-nyjar-oliur-oliur","9":"first","10":"instock","11":"shipping-taxable","12":"purchasable","13":"product-type-simple"},"_links":{"self":[{"href":"https:\/\/ilmoliulampar.is\/en_gb\/wp-json\/wp\/v2\/product\/59812","targetHints":{"allow":["GET"]}}],"collection":[{"href":"https:\/\/ilmoliulampar.is\/en_gb\/wp-json\/wp\/v2\/product"}],"about":[{"href":"https:\/\/ilmoliulampar.is\/en_gb\/wp-json\/wp\/v2\/types\/product"}],"replies":[{"embeddable":true,"href":"https:\/\/ilmoliulampar.is\/en_gb\/wp-json\/wp\/v2\/comments?post=59812"}],"wp:featuredmedia":[{"embeddable":true,"href":"https:\/\/ilmoliulampar.is\/en_gb\/wp-json\/wp\/v2\/media\/59813"}],"wp:attachment":[{"href":"https:\/\/ilmoliulampar.is\/en_gb\/wp-json\/wp\/v2\/media?parent=59812"}],"wp:term":[{"taxonomy":"product_brand","embeddable":true,"href":"https:\/\/ilmoliulampar.is\/en_gb\/wp-json\/wp\/v2\/product_brand?post=59812"},{"taxonomy":"product_cat","embeddable":true,"href":"https:\/\/ilmoliulampar.is\/en_gb\/wp-json\/wp\/v2\/product_cat?post=59812"},{"taxonomy":"product_tag","embeddable":true,"href":"https:\/\/ilmoliulampar.is\/en_gb\/wp-json\/wp\/v2\/product_tag?post=59812"}],"curies":[{"name":"wp","href":"https:\/\/api.w.org\/{rel}","templated":true}]}}