{"id":59817,"date":"2024-04-23T11:51:45","date_gmt":"2024-04-23T11:51:45","guid":{"rendered":"https:\/\/ilmoliulampar.is\/?post_type=product&#038;p=59817"},"modified":"2026-03-11T13:45:09","modified_gmt":"2026-03-11T13:45:09","slug":"kilian-dont-by-shy-ilmolia","status":"publish","type":"product","link":"https:\/\/ilmoliulampar.is\/en_gb\/product\/kilian-dont-by-shy-ilmolia\/","title":{"rendered":"DON&#8217;T BE SHY &#8211; KILIAN"},"content":{"rendered":"","protected":false},"excerpt":{"rendered":"<p>\u00deessi ilmol\u00eda er alveg eins og lyktin af ilmvatninu<\/p>\n<ul class=\"product-accordion js-product-accordion--v1\">\n<li class=\"product-accordion__item\">\n<div class=\"product-accordion__btn js-product-accordion__btn jquery-once-1-processed active\">FRAGRANCE NOTES &amp; DESCRIPTION<\/div>\n<div class=\"js-product-accordion__panel\">\n<div class=\"product-accordion__panel\">\n<p><b>Inspiration:<\/b> Exhilarating, unforgettable, Love, don\u2019t be shy implores you at the opening with tender orange blossom absolute.<\/p>\n<p><b>Fragrance story: <\/b>First love\u2019s innocence makes itself known with juicy honeysuckle and plush rose softly caressed by the sweetness of luscious marshmallow sugar accord, satisfying the craving pang of new love. A warm amber base lends a pulsing touch of sensuality, hinting the possibility of soon knowing another soul, inside and out.<\/p>\n<p><b>Key notes:<\/b> Neroli, Orange Blossom, Marshmallow<\/p>\n<p><b>Olfactive Family:<\/b> Narcotics &#8211; From rose to tuberose, from orange blossom to gardenia\u2026 Kilian flowers are composed like a narcotic dependence.<\/p>\n<p><b>Perfumer: <\/b>Calice Becker<\/p>\n<\/div>\n<\/div>\n<div>10 ml glas<\/div>\n<\/li>\n<\/ul>\n<p>(Ath. um er a\u00f0 r\u00e6\u00f0a ilmol\u00edu, myndin er notu\u00f0 til \u00feess a\u00f0 l\u00fdsa ilminum sem \u00e1tt er vi\u00f0)<\/p>","protected":false},"featured_media":59818,"comment_status":"open","ping_status":"closed","template":"","meta":[],"product_brand":[],"product_cat":[195,108],"product_tag":[],"class_list":{"0":"post-59817","1":"product","2":"type-product","3":"status-publish","4":"has-post-thumbnail","6":"product_cat-ilmoliur-oliur","7":"product_cat-oliur","9":"first","10":"instock","11":"shipping-taxable","12":"purchasable","13":"product-type-simple"},"_links":{"self":[{"href":"https:\/\/ilmoliulampar.is\/en_gb\/wp-json\/wp\/v2\/product\/59817","targetHints":{"allow":["GET"]}}],"collection":[{"href":"https:\/\/ilmoliulampar.is\/en_gb\/wp-json\/wp\/v2\/product"}],"about":[{"href":"https:\/\/ilmoliulampar.is\/en_gb\/wp-json\/wp\/v2\/types\/product"}],"replies":[{"embeddable":true,"href":"https:\/\/ilmoliulampar.is\/en_gb\/wp-json\/wp\/v2\/comments?post=59817"}],"wp:featuredmedia":[{"embeddable":true,"href":"https:\/\/ilmoliulampar.is\/en_gb\/wp-json\/wp\/v2\/media\/59818"}],"wp:attachment":[{"href":"https:\/\/ilmoliulampar.is\/en_gb\/wp-json\/wp\/v2\/media?parent=59817"}],"wp:term":[{"taxonomy":"product_brand","embeddable":true,"href":"https:\/\/ilmoliulampar.is\/en_gb\/wp-json\/wp\/v2\/product_brand?post=59817"},{"taxonomy":"product_cat","embeddable":true,"href":"https:\/\/ilmoliulampar.is\/en_gb\/wp-json\/wp\/v2\/product_cat?post=59817"},{"taxonomy":"product_tag","embeddable":true,"href":"https:\/\/ilmoliulampar.is\/en_gb\/wp-json\/wp\/v2\/product_tag?post=59817"}],"curies":[{"name":"wp","href":"https:\/\/api.w.org\/{rel}","templated":true}]}}