{"id":59819,"date":"2024-04-23T11:55:14","date_gmt":"2024-04-23T11:55:14","guid":{"rendered":"https:\/\/ilmoliulampar.is\/?post_type=product&#038;p=59819"},"modified":"2026-03-11T13:02:12","modified_gmt":"2026-03-11T13:02:12","slug":"gucci-bloom-ilmolia","status":"publish","type":"product","link":"https:\/\/ilmoliulampar.is\/en_gb\/product\/gucci-bloom-ilmolia\/","title":{"rendered":"GUCCI BLOOM &#8211; GUCCI"},"content":{"rendered":"","protected":false},"excerpt":{"rendered":"<p>\u00deessi ilmol\u00eda er alveg eins og Gucci Bloom ilmvatni\u00f0<\/p>\n<ul class=\"a-unordered-list a-vertical a-spacing-mini\">\n<li class=\"a-spacing-mini\"><span class=\"a-list-item\">Gucci Bloom is created to unfold like its name, capturing the rich scent of a thriving garden filled with an abundance of flowers <\/span><\/li>\n<li class=\"a-spacing-mini\"><span class=\"a-list-item\">Top Notes: Orange and Green Notes <\/span><\/li>\n<li class=\"a-spacing-mini\"><span class=\"a-list-item\">Middle Notes: Tuberose, Jasmine Sambac, and Honeysuckle <\/span><\/li>\n<li class=\"a-spacing-mini\"><span class=\"a-list-item\">Base Notes: Orris Root, Sandalwood, and Honeysuckle <\/span><\/li>\n<li class=\"a-spacing-mini\"><span class=\"a-list-item\">This is an authentic product backed by its original manufacturer. Packaging for this product may vary from that shown in the image above<\/span><\/li>\n<\/ul>\n<p>10 ml glas<\/p>\n<p>(Ath. um er a\u00f0 r\u00e6\u00f0a ilmol\u00edu, myndin er notu\u00f0 til \u00feess a\u00f0 l\u00fdsa ilminum sem \u00e1tt er vi\u00f0)<\/p>","protected":false},"featured_media":59820,"comment_status":"open","ping_status":"closed","template":"","meta":[],"product_brand":[],"product_cat":[195,108],"product_tag":[],"class_list":{"0":"post-59819","1":"product","2":"type-product","3":"status-publish","4":"has-post-thumbnail","6":"product_cat-ilmoliur-oliur","7":"product_cat-oliur","9":"first","10":"instock","11":"shipping-taxable","12":"purchasable","13":"product-type-simple"},"_links":{"self":[{"href":"https:\/\/ilmoliulampar.is\/en_gb\/wp-json\/wp\/v2\/product\/59819","targetHints":{"allow":["GET"]}}],"collection":[{"href":"https:\/\/ilmoliulampar.is\/en_gb\/wp-json\/wp\/v2\/product"}],"about":[{"href":"https:\/\/ilmoliulampar.is\/en_gb\/wp-json\/wp\/v2\/types\/product"}],"replies":[{"embeddable":true,"href":"https:\/\/ilmoliulampar.is\/en_gb\/wp-json\/wp\/v2\/comments?post=59819"}],"wp:featuredmedia":[{"embeddable":true,"href":"https:\/\/ilmoliulampar.is\/en_gb\/wp-json\/wp\/v2\/media\/59820"}],"wp:attachment":[{"href":"https:\/\/ilmoliulampar.is\/en_gb\/wp-json\/wp\/v2\/media?parent=59819"}],"wp:term":[{"taxonomy":"product_brand","embeddable":true,"href":"https:\/\/ilmoliulampar.is\/en_gb\/wp-json\/wp\/v2\/product_brand?post=59819"},{"taxonomy":"product_cat","embeddable":true,"href":"https:\/\/ilmoliulampar.is\/en_gb\/wp-json\/wp\/v2\/product_cat?post=59819"},{"taxonomy":"product_tag","embeddable":true,"href":"https:\/\/ilmoliulampar.is\/en_gb\/wp-json\/wp\/v2\/product_tag?post=59819"}],"curies":[{"name":"wp","href":"https:\/\/api.w.org\/{rel}","templated":true}]}}