{"id":59821,"date":"2024-04-23T12:04:15","date_gmt":"2024-04-23T12:04:15","guid":{"rendered":"https:\/\/ilmoliulampar.is\/?post_type=product&#038;p=59821"},"modified":"2025-10-31T16:46:25","modified_gmt":"2025-10-31T16:46:25","slug":"versace-bright-crystal-ilmolia","status":"publish","type":"product","link":"https:\/\/ilmoliulampar.is\/en_gb\/product\/versace-bright-crystal-ilmolia\/","title":{"rendered":"BRIGHT CRYSTAL &#8211; VERSACE"},"content":{"rendered":"","protected":false},"excerpt":{"rendered":"<p>\u00deessi ilmol\u00eda er alveg eins og lyktin af Versace ilmvatninu<\/p>\n<ul class=\"a-unordered-list a-vertical a-spacing-mini\">\n<li class=\"a-spacing-mini\"><span class=\"a-list-item\">Bright Crystal is a feminine perfume by Versace. <\/span><\/li>\n<li class=\"a-spacing-mini\"><span class=\"a-list-item\">The scent was launched in 2006 and the fragrance was created by perfumer Alberto Morillas. <\/span><\/li>\n<li class=\"a-spacing-mini\"><span class=\"a-list-item\">The opulent base introduces amber note extracted from plants, musk and red woods.<br \/>\n<\/span><\/li>\n<\/ul>\n<p>10 ml glas<\/p>\n<p>(Ath. um er a\u00f0 r\u00e6\u00f0a ilmol\u00edu, myndin er notu\u00f0 til \u00feess a\u00f0 l\u00fdsa ilminum sem \u00e1tt er vi\u00f0)<\/p>","protected":false},"featured_media":59822,"comment_status":"open","ping_status":"closed","template":"","meta":[],"product_brand":[],"product_cat":[195,108],"product_tag":[],"class_list":{"0":"post-59821","1":"product","2":"type-product","3":"status-publish","4":"has-post-thumbnail","6":"product_cat-ilmoliur-oliur","7":"product_cat-oliur","9":"first","10":"instock","11":"shipping-taxable","12":"purchasable","13":"product-type-simple"},"_links":{"self":[{"href":"https:\/\/ilmoliulampar.is\/en_gb\/wp-json\/wp\/v2\/product\/59821","targetHints":{"allow":["GET"]}}],"collection":[{"href":"https:\/\/ilmoliulampar.is\/en_gb\/wp-json\/wp\/v2\/product"}],"about":[{"href":"https:\/\/ilmoliulampar.is\/en_gb\/wp-json\/wp\/v2\/types\/product"}],"replies":[{"embeddable":true,"href":"https:\/\/ilmoliulampar.is\/en_gb\/wp-json\/wp\/v2\/comments?post=59821"}],"wp:featuredmedia":[{"embeddable":true,"href":"https:\/\/ilmoliulampar.is\/en_gb\/wp-json\/wp\/v2\/media\/59822"}],"wp:attachment":[{"href":"https:\/\/ilmoliulampar.is\/en_gb\/wp-json\/wp\/v2\/media?parent=59821"}],"wp:term":[{"taxonomy":"product_brand","embeddable":true,"href":"https:\/\/ilmoliulampar.is\/en_gb\/wp-json\/wp\/v2\/product_brand?post=59821"},{"taxonomy":"product_cat","embeddable":true,"href":"https:\/\/ilmoliulampar.is\/en_gb\/wp-json\/wp\/v2\/product_cat?post=59821"},{"taxonomy":"product_tag","embeddable":true,"href":"https:\/\/ilmoliulampar.is\/en_gb\/wp-json\/wp\/v2\/product_tag?post=59821"}],"curies":[{"name":"wp","href":"https:\/\/api.w.org\/{rel}","templated":true}]}}