{"id":59841,"date":"2024-04-26T13:40:46","date_gmt":"2024-04-26T13:40:46","guid":{"rendered":"https:\/\/ilmoliulampar.is\/?post_type=product&#038;p=59841"},"modified":"2025-01-09T16:02:27","modified_gmt":"2025-01-09T16:02:27","slug":"stanley-quencher-brusi-118-l-citrus-graenn","status":"publish","type":"product","link":"https:\/\/ilmoliulampar.is\/en_gb\/product\/stanley-quencher-brusi-118-l-citrus-graenn\/","title":{"rendered":"STANLEY QUENCHER BR\u00daSI 1,18 L \u2013 CITRUS GR\u00c6NN"},"content":{"rendered":"","protected":false},"excerpt":{"rendered":"<h6>Hinn vins\u00e6li Stanley Quencher 1,18 l\u00edtra br\u00fasinn er ger\u00f0ur \u00far 90% endurunnu ry\u00f0fr\u00edu st\u00e1li. Hann heldur k\u00f6ldu \u00ed ca 11klst, \u00a0allt a\u00f0 48 klst me\u00f0 klaka. Hann getur einnig haldi\u00f0 drykkjunum heitum \u00ed 7 klst. \u00dea\u00f0 er h\u00e6gt a\u00f0 sn\u00faa Flowstate lokinu \u00e1 \u00ferj\u00e1 vegu. Handfangi\u00f0 og botninn \u00e1 br\u00fasanum passar \u00ed flest alla drykkjahaldara.<\/h6>\n<h6>St\u00e6r\u00f0: 1,18 l\u00edtrar<\/h6>\n<h6>Heldur k\u00f6ldu e\u00f0a heitu<\/h6>\n<h6>Efni: Ry\u00f0fr\u00edtt st\u00e1l \u00e1n BPA<\/h6>\n<h6>Flowstate: \u00dea\u00f0 er h\u00e6gt a\u00f0 stilla loki\u00f0 \u00e1 3 mismunandi vegu,<\/h6>\n<h6>Opi\u00f0 \u2013 loka\u00f0 e\u00f0a me\u00f0 r\u00f6ri<\/h6>\n<h6>M\u00e1 fara \u00ed upp\u00fevottav\u00e9l<\/h6>","protected":false},"featured_media":59842,"comment_status":"open","ping_status":"closed","template":"","meta":[],"product_brand":[],"product_cat":[230],"product_tag":[],"class_list":{"0":"post-59841","1":"product","2":"type-product","3":"status-publish","4":"has-post-thumbnail","6":"product_cat-laekkadverd","8":"first","9":"outofstock","10":"shipping-taxable","11":"purchasable","12":"product-type-simple"},"_links":{"self":[{"href":"https:\/\/ilmoliulampar.is\/en_gb\/wp-json\/wp\/v2\/product\/59841","targetHints":{"allow":["GET"]}}],"collection":[{"href":"https:\/\/ilmoliulampar.is\/en_gb\/wp-json\/wp\/v2\/product"}],"about":[{"href":"https:\/\/ilmoliulampar.is\/en_gb\/wp-json\/wp\/v2\/types\/product"}],"replies":[{"embeddable":true,"href":"https:\/\/ilmoliulampar.is\/en_gb\/wp-json\/wp\/v2\/comments?post=59841"}],"wp:featuredmedia":[{"embeddable":true,"href":"https:\/\/ilmoliulampar.is\/en_gb\/wp-json\/wp\/v2\/media\/59842"}],"wp:attachment":[{"href":"https:\/\/ilmoliulampar.is\/en_gb\/wp-json\/wp\/v2\/media?parent=59841"}],"wp:term":[{"taxonomy":"product_brand","embeddable":true,"href":"https:\/\/ilmoliulampar.is\/en_gb\/wp-json\/wp\/v2\/product_brand?post=59841"},{"taxonomy":"product_cat","embeddable":true,"href":"https:\/\/ilmoliulampar.is\/en_gb\/wp-json\/wp\/v2\/product_cat?post=59841"},{"taxonomy":"product_tag","embeddable":true,"href":"https:\/\/ilmoliulampar.is\/en_gb\/wp-json\/wp\/v2\/product_tag?post=59841"}],"curies":[{"name":"wp","href":"https:\/\/api.w.org\/{rel}","templated":true}]}}