{"id":59939,"date":"2024-05-14T12:47:04","date_gmt":"2024-05-14T12:47:04","guid":{"rendered":"https:\/\/ilmoliulampar.is\/?post_type=product&#038;p=59939"},"modified":"2026-04-28T08:33:08","modified_gmt":"2026-04-28T08:33:08","slug":"sol-de-janeiro-bum-bum-ilmolia","status":"publish","type":"product","link":"https:\/\/ilmoliulampar.is\/en_gb\/product\/sol-de-janeiro-bum-bum-ilmolia\/","title":{"rendered":"BUM BUM &#8211; SOL DE JANEIRO"},"content":{"rendered":"","protected":false},"excerpt":{"rendered":"<p>Cheirosa 62, Bum Bum &#8211; Sol De Janeiro ilmol\u00edan er alveg eins og spreyi\u00f0 !<br \/>\nSettu 3-4 dropa \u00ed ilmol\u00edulampann, b\u00edlinn e\u00f0a hvar sem er.<\/p>\n<p><b>Key Notes<br \/>\n<strong>Top: <\/strong><\/b>Pistachio, Almond<b><br \/>\n<strong>Middle: <\/strong><\/b>Heliotrope, Jasmine Petals<b><br \/>\n<strong>Base: <\/strong><\/b>Vanilla, Salted Caramel, Sandalwood<b><br \/>\n<\/b><\/p>\n<p>10 ml flaska<\/p>\n<p>(Ath. um er a\u00f0 r\u00e6\u00f0a ilmol\u00edu, myndin er notu\u00f0 til \u00feess a\u00f0 l\u00fdsa ilminum sem \u00e1tt er vi\u00f0)<\/p>","protected":false},"featured_media":59942,"comment_status":"open","ping_status":"closed","template":"","meta":[],"product_brand":[],"product_cat":[195,209,108],"product_tag":[],"class_list":{"0":"post-59939","1":"product","2":"type-product","3":"status-publish","4":"has-post-thumbnail","6":"product_cat-ilmoliur-oliur","7":"product_cat-nyjar-oliur-oliur","8":"product_cat-oliur","10":"first","11":"instock","12":"shipping-taxable","13":"purchasable","14":"product-type-simple"},"_links":{"self":[{"href":"https:\/\/ilmoliulampar.is\/en_gb\/wp-json\/wp\/v2\/product\/59939","targetHints":{"allow":["GET"]}}],"collection":[{"href":"https:\/\/ilmoliulampar.is\/en_gb\/wp-json\/wp\/v2\/product"}],"about":[{"href":"https:\/\/ilmoliulampar.is\/en_gb\/wp-json\/wp\/v2\/types\/product"}],"replies":[{"embeddable":true,"href":"https:\/\/ilmoliulampar.is\/en_gb\/wp-json\/wp\/v2\/comments?post=59939"}],"wp:featuredmedia":[{"embeddable":true,"href":"https:\/\/ilmoliulampar.is\/en_gb\/wp-json\/wp\/v2\/media\/59942"}],"wp:attachment":[{"href":"https:\/\/ilmoliulampar.is\/en_gb\/wp-json\/wp\/v2\/media?parent=59939"}],"wp:term":[{"taxonomy":"product_brand","embeddable":true,"href":"https:\/\/ilmoliulampar.is\/en_gb\/wp-json\/wp\/v2\/product_brand?post=59939"},{"taxonomy":"product_cat","embeddable":true,"href":"https:\/\/ilmoliulampar.is\/en_gb\/wp-json\/wp\/v2\/product_cat?post=59939"},{"taxonomy":"product_tag","embeddable":true,"href":"https:\/\/ilmoliulampar.is\/en_gb\/wp-json\/wp\/v2\/product_tag?post=59939"}],"curies":[{"name":"wp","href":"https:\/\/api.w.org\/{rel}","templated":true}]}}