{"id":60144,"date":"2024-06-05T12:08:04","date_gmt":"2024-06-05T12:08:04","guid":{"rendered":"https:\/\/ilmoliulampar.is\/?post_type=product&#038;p=60144"},"modified":"2026-04-08T16:55:57","modified_gmt":"2026-04-08T16:55:57","slug":"sharepomelozzini20er-maxi","status":"publish","type":"product","link":"https:\/\/ilmoliulampar.is\/en_gb\/product\/sharepomelozzini20er-maxi\/","title":{"rendered":"SharePomelozzini\u00ae20er maxi"},"content":{"rendered":"","protected":false},"excerpt":{"rendered":"<p>Gerju\u00f0 as\u00edskt Pomelo grapealdin, gerju\u00f0 \u00ed minnst 30 m\u00e1nu\u00f0i.<\/p>\n<p>20-22 stk<\/p>\n<p>100% Sj\u00e1lfb\u00e6rar umb\u00fa\u00f0ir<\/p>\n<p>100% Vegan<\/p>\n<p>100% N\u00e1tt\u00faruleg vara<\/p>\n<p><strong>M\u00e6lt er me\u00f0 a\u00f0 byrja \u00e1 1\/4 &#8211; 1\/2 Pomelozzini \u00e1 dag. \u00de\u00fa finnur hva\u00f0 \u00feinn l\u00edkami \u00fearf \u00ed framhaldinu, \u00fe\u00fa getur auki\u00f0 skammtinn samkv\u00e6mt \u00fev\u00ed e\u00f0a minnka\u00f0. Hlusta\u00f0u \u00e1 \u00feinn l\u00edkama<\/strong><\/p>\n<p><strong>Share Original<\/strong><br \/>\nGerja\u00f0ar gr\u00e6nar pl\u00f3mur &#8211; (Jap\u00f6nsk apr\u00edk\u00f3sa). Jurtah\u00fa\u00f0un 2,5% (Mulberry fruit, mate leaves, tubular cassea, goji berries, cranberries, sea buckthorn, carrot extract) R\u00e6kta\u00f0 og gerja\u00f0 \u00ed minnst 30 m\u00e1nu\u00f0i.<br \/>\nShare Orginal apr\u00edk\u00f3san kemur beint af tr\u00e9nu og er me\u00f0 kjarna \u00ed mi\u00f0jum \u00e1vextinum sem ekki er m\u00e6lt me\u00f0 a\u00f0 kyngja. \u00c1n vi\u00f0b\u00e6tts sykurs, Share Original inniheldur einungis n\u00e1tt\u00farulegan sykur \u00far \u00e1vextinum sj\u00e1lfum.<\/p>\n<p>N\u00e6ringargildi \u00ed 100gr<\/p>\n<p>Orka 1197\/282 kcal<\/p>\n<p>Fita 0,5g<\/p>\n<p>Kolvetni 66gr<\/p>\n<p>Sykur 55g<\/p>\n<p>Trefjar 7,4g<\/p>\n<p>Protein 1,2g<\/p>\n<p>Salt 1,8g<\/p>\n<p><strong>Share Pomelozzini <\/strong><\/p>\n<p>Pomelo grapealdin \u00e1v\u00f6xtur &#8211; R\u00e6kta\u00f0ur og gerja\u00f0ur \u00ed minnst 30 m\u00e1nu\u00f0i. Inniheldur a\u00f0eins \u00e1v\u00f6xtinn. \u00c1n vi\u00f0b\u00e6tts sykurs, pomelozzini inniheldur einungis n\u00e1tt\u00farulegan sykur \u00far \u00e1vextinum sj\u00e1lfum.<\/p>\n<p>N\u00e6ringargildi \u00ed 100gr.<\/p>\n<p>Orka 1334 KJ \/ 315 kcal<\/p>\n<p>Fita 0,5g<\/p>\n<p>Kolvetni 74gr<\/p>\n<p>Sykur 31 gr<\/p>\n<p>Trefjar 7,4g<\/p>\n<p>Protein 0,8g<\/p>\n<p>Salt 0,08g<\/p>\n<p><strong>ATH ATH ATH &#8230;..<\/strong><\/p>\n<p><strong>Share Pomelozzini er oftast hart og \u00feurrt, \u00fear sem a\u00f0 \u00e1v\u00f6xturinn er n\u00e1tt\u00farulegur og a\u00f0eins pomelo \u00e1vextir nota\u00f0ir \u00ed framlei\u00f0sluna, en fyrir gerjunarferli getur pomelo \u00e1v\u00f6xturinn innihaldi\u00f0 mismikinn safa og ol\u00edur sem getur skila\u00f0 s\u00e9r \u00ed har\u00f0ara pomelozzini. <\/strong><\/p>\n<p><strong>H\u00e1g\u00e6\u00f0a pomelo og 30 m\u00e1na\u00f0a gerjun samt sem \u00e1\u00f0ur. \u00dea\u00f0 er gott a\u00f0 hafa \u00ed huga a\u00f0 me\u00f0 volgu vatni getur \u00fe\u00fa m\u00fdkt upp \u00e1v\u00f6xtinn og bor\u00f0a\u00f0 svo e\u00f0a skori\u00f0 \u00ed bita, einnig er fr\u00e1b\u00e6r lei\u00f0 a\u00f0 leysa \u00e1v\u00f6xtinn upp \u00ed 300-500 ml af volgu vatni og drekka sem TE e\u00f0a geyma \u00ed krukku \u00ed k\u00e6li og drekka yfir nokkurra daga t\u00edmabil.\u00a0<\/strong><\/p>\n<p><strong>M\u00e6lt er me\u00f0 a\u00f0 byrja \u00e1 1\/4 &#8211; 1\/2 Pomelozzini \u00e1 dag. \u00de\u00fa finnur hva\u00f0 \u00feinn l\u00edkami \u00fearf \u00ed framhaldinu, \u00fe\u00fa getur auki\u00f0 skammtinn samkv\u00e6mt \u00fev\u00ed e\u00f0a minnka\u00f0. Hlusta\u00f0u \u00e1 \u00feinn l\u00edkama!<\/strong><\/p>\n<p>&nbsp;<\/p>","protected":false},"featured_media":60145,"comment_status":"open","ping_status":"closed","template":"","meta":[],"product_brand":[],"product_cat":[245],"product_tag":[],"class_list":{"0":"post-60144","1":"product","2":"type-product","3":"status-publish","4":"has-post-thumbnail","6":"product_cat-shareiceland","8":"first","9":"outofstock","10":"shipping-taxable","11":"purchasable","12":"product-type-simple"},"_links":{"self":[{"href":"https:\/\/ilmoliulampar.is\/en_gb\/wp-json\/wp\/v2\/product\/60144","targetHints":{"allow":["GET"]}}],"collection":[{"href":"https:\/\/ilmoliulampar.is\/en_gb\/wp-json\/wp\/v2\/product"}],"about":[{"href":"https:\/\/ilmoliulampar.is\/en_gb\/wp-json\/wp\/v2\/types\/product"}],"replies":[{"embeddable":true,"href":"https:\/\/ilmoliulampar.is\/en_gb\/wp-json\/wp\/v2\/comments?post=60144"}],"wp:featuredmedia":[{"embeddable":true,"href":"https:\/\/ilmoliulampar.is\/en_gb\/wp-json\/wp\/v2\/media\/60145"}],"wp:attachment":[{"href":"https:\/\/ilmoliulampar.is\/en_gb\/wp-json\/wp\/v2\/media?parent=60144"}],"wp:term":[{"taxonomy":"product_brand","embeddable":true,"href":"https:\/\/ilmoliulampar.is\/en_gb\/wp-json\/wp\/v2\/product_brand?post=60144"},{"taxonomy":"product_cat","embeddable":true,"href":"https:\/\/ilmoliulampar.is\/en_gb\/wp-json\/wp\/v2\/product_cat?post=60144"},{"taxonomy":"product_tag","embeddable":true,"href":"https:\/\/ilmoliulampar.is\/en_gb\/wp-json\/wp\/v2\/product_tag?post=60144"}],"curies":[{"name":"wp","href":"https:\/\/api.w.org\/{rel}","templated":true}]}}