{"id":60153,"date":"2024-06-05T12:19:08","date_gmt":"2024-06-05T12:19:08","guid":{"rendered":"https:\/\/ilmoliulampar.is\/?post_type=product&#038;p=60153"},"modified":"2026-02-20T12:43:49","modified_gmt":"2026-02-20T12:43:49","slug":"shareaquadoro-240ml-12-stk","status":"publish","type":"product","link":"https:\/\/ilmoliulampar.is\/en_gb\/product\/shareaquadoro-240ml-12-stk\/","title":{"rendered":"ShareAquaD&#8217;Oro\u00ae 240ml"},"content":{"rendered":"","protected":false},"excerpt":{"rendered":"<p>ShareAqua d&#8217;Oro &#8211; Golden water<\/p>\n<p>Drykkur me\u00f0 24 tegundum af gerju\u00f0um \u00e1v\u00f6xtum og gr\u00e6nmeti.<\/p>\n<p>Innihald: Vatn, duft \u00far gerju\u00f0um v\u00ednberjum, villt bl\u00e1ber, mang\u00f3stein, granatepli, gr\u00e6n jap\u00f6nsk pl\u00f3ma, hindber, guava, pitahaya, ananas, spergilk\u00e1l, sp\u00ednat, aloe, alma \u00e1v\u00f6xtur, acai , <strong>SELLER\u00cd<\/strong>, m\u00f3rber, <strong>KAMUT<\/strong> s\u00fdr\u00f3p, goji berjamauk, tr\u00f6nuber, lakkr\u00edsduft, acerola, chia fr\u00e6, t\u00farmerik, \u00ednul\u00edn; s\u00edtr\u00f3nusafi \u00far \u00feykkni.<\/p>\n<p>Inniheldur hluta af Share Original pl\u00f3munni<\/p>\n<p>100% N\u00e1tt\u00faruleg vara<\/p>\n<p>100% Vegan<\/p>\n<p>240ml \u00ed hverjum drykk &#8211; 60 kal\u00f3r\u00edur &#8211; Fita 0,5 g, transfita 0g, Cholesterol 0mg, Sodium 5mg, Kolvetni 15g: alls sykur 15g, enginn vi\u00f0b\u00e6ttur sykur a\u00f0eins sykur \u00far \u00e1v\u00f6xtunum, protein 0g.<\/p>\n<p><strong>M\u00e6lt er me\u00f0 a\u00f0 byrja \u00e1 1 drykk fyrir fullor\u00f0na manneskju \u00ed hvert skipti. Fyrir b\u00f6rn er m\u00e6lt me\u00f0 a\u00f0 byrja sm\u00e1tt, 1\/3 &#8211; 1\/2 af drykk er n\u00f3g til a\u00f0 byrja me\u00f0. \u00cd framhaldinu er svo m\u00e6lt me\u00f0 a\u00f0 hlusta \u00e1 l\u00edkamann og sj\u00e1 hvort a\u00f0 r\u00e1\u00f0lag\u00f0ur skammtur s\u00e9 n\u00f3g e\u00f0a barni\u00f0 \u00feoli meira.<\/strong><\/p>","protected":false},"featured_media":60154,"comment_status":"open","ping_status":"closed","template":"","meta":[],"product_brand":[],"product_cat":[245],"product_tag":[],"class_list":{"0":"post-60153","1":"product","2":"type-product","3":"status-publish","4":"has-post-thumbnail","6":"product_cat-shareiceland","8":"first","9":"outofstock","10":"shipping-taxable","11":"purchasable","12":"product-type-simple"},"_links":{"self":[{"href":"https:\/\/ilmoliulampar.is\/en_gb\/wp-json\/wp\/v2\/product\/60153","targetHints":{"allow":["GET"]}}],"collection":[{"href":"https:\/\/ilmoliulampar.is\/en_gb\/wp-json\/wp\/v2\/product"}],"about":[{"href":"https:\/\/ilmoliulampar.is\/en_gb\/wp-json\/wp\/v2\/types\/product"}],"replies":[{"embeddable":true,"href":"https:\/\/ilmoliulampar.is\/en_gb\/wp-json\/wp\/v2\/comments?post=60153"}],"wp:featuredmedia":[{"embeddable":true,"href":"https:\/\/ilmoliulampar.is\/en_gb\/wp-json\/wp\/v2\/media\/60154"}],"wp:attachment":[{"href":"https:\/\/ilmoliulampar.is\/en_gb\/wp-json\/wp\/v2\/media?parent=60153"}],"wp:term":[{"taxonomy":"product_brand","embeddable":true,"href":"https:\/\/ilmoliulampar.is\/en_gb\/wp-json\/wp\/v2\/product_brand?post=60153"},{"taxonomy":"product_cat","embeddable":true,"href":"https:\/\/ilmoliulampar.is\/en_gb\/wp-json\/wp\/v2\/product_cat?post=60153"},{"taxonomy":"product_tag","embeddable":true,"href":"https:\/\/ilmoliulampar.is\/en_gb\/wp-json\/wp\/v2\/product_tag?post=60153"}],"curies":[{"name":"wp","href":"https:\/\/api.w.org\/{rel}","templated":true}]}}