{"id":60203,"date":"2024-06-14T15:58:03","date_gmt":"2024-06-14T15:58:03","guid":{"rendered":"https:\/\/ilmoliulampar.is\/?post_type=product&#038;p=60203"},"modified":"2024-12-03T15:02:26","modified_gmt":"2024-12-03T15:02:26","slug":"grace-golflampi","status":"publish","type":"product","link":"https:\/\/ilmoliulampar.is\/en_gb\/product\/grace-golflampi\/","title":{"rendered":"Grace g\u00f3lflampi"},"content":{"rendered":"","protected":false},"excerpt":{"rendered":"<p>GRACE g\u00f3lflampinn er einstakur hlutur, hann er ekki a\u00f0eins lampi sem stendur \u00e1 marmara f\u00e6ti &#8211; hann er eins og &#8222;sk\u00falpt\u00far&#8220; \u00a0 \u00a0 \u00a0Grace g\u00f3lflampinn gerir hvern sta\u00f0 fallegri. \u00dea\u00f0 er b\u00e6\u00f0i mj\u00f6g smart a\u00f0 hafa sitthvorn litinn n\u00fa e\u00f0a sama lit \u00e1 handger\u00f0u fr\u00f6nsku k\u00faplunum :))<\/p>\n<p>Lampinn er 11,8 kg \u00a0 \u00a0 \u00a0 \u00a0 \u00a0H\u00e6\u00f0 163 cm x samtals breidd 42 cm x d\u00fdpt 22 cm \u00a0 \u00a0 \u00a0 \u00a0 \u00a0Notast vi\u00f0 led perur 1 x E14 og 1 x E27<\/p>","protected":false},"featured_media":60213,"comment_status":"open","ping_status":"closed","template":"","meta":[],"product_brand":[],"product_cat":[210,226,183,107],"product_tag":[],"class_list":{"0":"post-60203","1":"product","2":"type-product","3":"status-publish","4":"has-post-thumbnail","6":"product_cat-fronsku-ljosin","7":"product_cat-fronsku-ljosin-2","8":"product_cat-golflampar","9":"product_cat-lampar","10":"product_shipping_class-stor-vara","12":"first","13":"instock","14":"shipping-taxable","15":"purchasable","16":"product-type-simple"},"_links":{"self":[{"href":"https:\/\/ilmoliulampar.is\/en_gb\/wp-json\/wp\/v2\/product\/60203","targetHints":{"allow":["GET"]}}],"collection":[{"href":"https:\/\/ilmoliulampar.is\/en_gb\/wp-json\/wp\/v2\/product"}],"about":[{"href":"https:\/\/ilmoliulampar.is\/en_gb\/wp-json\/wp\/v2\/types\/product"}],"replies":[{"embeddable":true,"href":"https:\/\/ilmoliulampar.is\/en_gb\/wp-json\/wp\/v2\/comments?post=60203"}],"wp:featuredmedia":[{"embeddable":true,"href":"https:\/\/ilmoliulampar.is\/en_gb\/wp-json\/wp\/v2\/media\/60213"}],"wp:attachment":[{"href":"https:\/\/ilmoliulampar.is\/en_gb\/wp-json\/wp\/v2\/media?parent=60203"}],"wp:term":[{"taxonomy":"product_brand","embeddable":true,"href":"https:\/\/ilmoliulampar.is\/en_gb\/wp-json\/wp\/v2\/product_brand?post=60203"},{"taxonomy":"product_cat","embeddable":true,"href":"https:\/\/ilmoliulampar.is\/en_gb\/wp-json\/wp\/v2\/product_cat?post=60203"},{"taxonomy":"product_tag","embeddable":true,"href":"https:\/\/ilmoliulampar.is\/en_gb\/wp-json\/wp\/v2\/product_tag?post=60203"}],"curies":[{"name":"wp","href":"https:\/\/api.w.org\/{rel}","templated":true}]}}